{"id":929,"date":"2021-02-04T07:10:03","date_gmt":"2021-02-04T07:10:03","guid":{"rendered":"https:\/\/www.clinicaica.com\/?page_id=929"},"modified":"2026-02-12T02:31:31","modified_gmt":"2026-02-12T01:31:31","slug":"aviso-legal","status":"publish","type":"page","link":"https:\/\/www.clinicaica.com\/de\/aviso-legal\/","title":{"rendered":"Impressum"},"content":{"rendered":"<p>[et_pb_section fb_built=\u00bb1&#8243; prev_background_color=\u00bb#FFFFFF\u00bb admin_label=\u00bbPage Title Section\u00bb _builder_version=\u00bb4.16&#8243; use_background_color_gradient=\u00bbon\u00bb background_color_gradient_direction=\u00bb120deg\u00bb background_color_gradient_stops=\u00bb#efefef 0%|rgba(0,0,0,0) 100%\u00bb background_color_gradient_overlays_image=\u00bbon\u00bb background_color_gradient_start=\u00bb#efefef\u00bb background_color_gradient_end=\u00bbrgba(0,0,0,0)\u00bb background_image=\u00bbhttps:\/\/www.clinicaica.com\/wp-content\/uploads\/2021\/01\/backblog.jpg\u00bb custom_margin=\u00bb135px||||false|false\u00bb custom_margin_tablet=\u00bb110px||||false|false\u00bb custom_margin_phone=\u00bb\u00bb custom_margin_last_edited=\u00bbon|phone\u00bb custom_padding=\u00bb12%||10%||false|false\u00bb top_divider_style=\u00bbslant2&#8243; top_divider_height=\u00bb35px\u00bb top_divider_flip=\u00bbvertical\u00bb bottom_divider_height=\u00bb35px\u00bb bottom_divider_flip=\u00bbvertical\u00bb da_disable_devices=\u00bboff|off|off\u00bb global_colors_info=\u00bb{}\u00bb da_is_popup=\u00bboff\u00bb da_exit_intent=\u00bboff\u00bb da_has_close=\u00bbon\u00bb da_alt_close=\u00bboff\u00bb da_dark_close=\u00bboff\u00bb da_not_modal=\u00bbon\u00bb da_is_singular=\u00bboff\u00bb da_with_loader=\u00bboff\u00bb da_has_shadow=\u00bbon\u00bb][et_pb_row admin_label=\u00bbPage Title Area\u00bb _builder_version=\u00bb4.16&#8243; background_size=\u00bbinitial\u00bb background_position=\u00bbtop_left\u00bb background_repeat=\u00bbrepeat\u00bb global_colors_info=\u00bb{}\u00bb][et_pb_column type=\u00bb4_4&#8243; _builder_version=\u00bb4.16&#8243; custom_padding=\u00bb|||\u00bb global_colors_info=\u00bb{}\u00bb custom_padding__hover=\u00bb|||\u00bb][et_pb_text admin_label=\u00bbTitle\u00bb _builder_version=\u00bb4.16&#8243; text_font=\u00bb||||||||\u00bb header_font=\u00bbCrimson Text|600|||||||\u00bb header_text_color=\u00bb#505050&#8243; header_font_size=\u00bb45px\u00bb header_line_height=\u00bb0.8em\u00bb header_2_font=\u00bb||||||||\u00bb background_layout=\u00bbdark\u00bb custom_margin=\u00bb||0px||false|false\u00bb custom_padding=\u00bb||0px||false|false\u00bb animation_style=\u00bbfade\u00bb header_font_size_tablet=\u00bb35px\u00bb header_font_size_phone=\u00bb30px\u00bb header_font_size_last_edited=\u00bbon|phone\u00bb global_colors_info=\u00bb{}\u00bb]<\/p>\n<h1>Aviso legal<\/h1>\n<p>[\/et_pb_text][\/et_pb_column][\/et_pb_row][\/et_pb_section][et_pb_section fb_built=\u00bb1&#8243; admin_label=\u00bbAbout Us Section\u00bb _builder_version=\u00bb4.16&#8243; background_color=\u00bb#FFFFFF\u00bb custom_padding=\u00bb64px||100px|||\u00bb da_disable_devices=\u00bboff|off|off\u00bb global_colors_info=\u00bb{}\u00bb da_is_popup=\u00bboff\u00bb da_exit_intent=\u00bboff\u00bb da_has_close=\u00bbon\u00bb da_alt_close=\u00bboff\u00bb da_dark_close=\u00bboff\u00bb da_not_modal=\u00bbon\u00bb da_is_singular=\u00bboff\u00bb da_with_loader=\u00bboff\u00bb da_has_shadow=\u00bbon\u00bb][et_pb_row admin_label=\u00bbAbout Us Area\u00bb _builder_version=\u00bb4.16&#8243; global_colors_info=\u00bb{}\u00bb][et_pb_column type=\u00bb4_4&#8243; _builder_version=\u00bb4.16&#8243; custom_padding=\u00bb|||\u00bb global_colors_info=\u00bb{}\u00bb custom_padding__hover=\u00bb|||\u00bb][et_pb_text _builder_version=\u00bb4.27.5&#8243; _module_preset=\u00bbdefault\u00bb hover_enabled=\u00bb0&#8243; global_colors_info=\u00bb{}\u00bb sticky_enabled=\u00bb0&#8243;]<\/p>\n<h1><b>AVISO LEGAL<\/b><\/h1>\n<p><b><\/b><\/p>\n<ul>\n<li aria-level=\"1\">\n<h2><b>Objeto y aceptaci\u00f3n<\/b><\/h2>\n<\/li>\n<\/ul>\n<p class=\"p1\">El presente aviso legal regula el uso del sitio Web: www.clinicaica.com<\/p>\n<p class=\"p1\">El sitio web www.clinicaica.com presta servicios cuyo objetivo primordial es permitir el contacto entre los usuarios y la entidad, bien para ponerse en contacto con nosotros, responder a su solicitud, gestionar su reclamaci\u00f3n, ejercitar sus derechos en protecci\u00f3n de datos, para pedir presupuestos.<\/p>\n<p class=\"p1\">La navegaci\u00f3n por la p\u00e1gina www.clinicaica.com atribuye la condici\u00f3n de usuario de la misma e implica la aceptaci\u00f3n plena y sin reservas de todas y cada una de las disposiciones incluidas en este Aviso Legal, que pueden sufrir modificaciones.<\/p>\n<p class=\"p2\">El usuario se obliga a hacer un uso correcto del sitio Web de conformidad con las leyes, la buena fe, el orden p\u00fablico, los usos del tr\u00e1fico y el presente Aviso Legal. El Usuario responder\u00e1 frente a ICA SERVISALUD, S.L. y frente a terceros, de los da\u00f1os y perjuicios que pudieran causarse como consecuencia del incumplimiento de dicha obligaci\u00f3n.<span class=\"s1\"> <\/span><\/p>\n<ul>\n<li aria-level=\"1\">\n<h2><b>Titularidad de la web e identificaci\u00f3n del Prestador de Servicios de la Sociedad de la Informaci\u00f3n<\/b><\/h2>\n<\/li>\n<\/ul>\n<p class=\"p1\">Con la finalidad de dar cumplimiento al principio de Informaci\u00f3n general exigido por el Art\u00edculo 10 de la Ley 34\/2002, de 11 de julio, de servicios de la sociedad de la informaci\u00f3n y de comercio electr\u00f3nico informamos a nuestros usuarios que el presente sitio web pertenece a\u00a0 ICA SERVISALUD, S.L. con CIF B76519891, inscrita en el Registro Mercantil de tenerife en la hoja TF47623, Folio 222, del tomo 3150, de la Secci\u00f3n 8.<\/p>\n<table cellspacing=\"0\" cellpadding=\"0\" class=\"t1\">\n<tbody>\n<tr>\n<td valign=\"middle\" class=\"td1\">\n<p class=\"p3\">Direcci\u00f3n:<\/p>\n<\/td>\n<td valign=\"middle\" class=\"td2\">\n<p class=\"p4\">LA PALMITA N\u00ba 2 38314 &#8211; LA OROTAVA<\/p>\n<\/td>\n<\/tr>\n<tr>\n<td valign=\"middle\" class=\"td3\">\n<p class=\"p3\">Correo-e:<\/p>\n<\/td>\n<td valign=\"middle\" class=\"td4\">\n<p class=\"p4\">info@clinicaica.com<\/p>\n<\/td>\n<\/tr>\n<tr>\n<td valign=\"middle\" class=\"td1\">\n<p class=\"p3\">Tel\u00e9fono:<\/p>\n<\/td>\n<td valign=\"middle\" class=\"td2\">\n<p class=\"p4\">922388813<\/p>\n<\/td>\n<\/tr>\n<tr>\n<td valign=\"middle\" class=\"td3\">\n<p class=\"p3\">Web alojada por:<\/p>\n<\/td>\n<td valign=\"middle\" class=\"td4\">\n<p class=\"p4\">Civicos Networking, S.L.U.<\/p>\n<\/td>\n<\/tr>\n<\/tbody>\n<\/table>\n<ul>\n<li aria-level=\"1\"><b style=\"font-family: 'Crimson Text', Georgia, 'Times New Roman', serif; font-size: 26px;\">Condiciones generales de acceso y utilizaci\u00f3n<\/b><\/li>\n<\/ul>\n<p class=\"p1\">El sitio Web y sus servicios son de acceso libre y gratuito, si bien la utilizaci\u00f3n de determinadas \u00e1reas o servicios est\u00e1 condicionada a cumplimentar formularios de recogida de datos. S\u00f3lo los mayores de 18 a\u00f1os podr\u00e1n facilitar datos a trav\u00e9s de nuestra web, y los menores de 14 a\u00f1os no pueden facilitarlos sin el consentimiento de los padres o tutores.<\/p>\n<p class=\"p1\">El Usuario garantiza la autenticidad y actualidad de todos aquellos datos que comunique a\u00a0ICA SERVISALUD, S.L.\u00a0y ser\u00e1 el \u00fanico responsable de las manifestaciones falsas o inexactas que realice. www.clinicaica.com\u00a0tiene los siguientes tipos de usuarios:<\/p>\n<p class=\"p1\">\u2022<span class=\"Apple-converted-space\">\u00a0 <\/span>Usuarios que no han contactado con ICA SERVISALUD, S.L. pero de los que se recogen datos: Datos proporcionados por las cookies.<\/p>\n<p class=\"p1\">\u2022 <span class=\"Apple-converted-space\">\u00a0 <\/span>Usuarios que aportan datos en cualquiera de los formularios disponibles: Los datos personales que ICA SERVISALUD, S.L. solicita incluye el nombre y direcci\u00f3n electr\u00f3nica y los proporcionados por el propio usuario al rellenar los formularios.<\/p>\n<p class=\"p1\">\u2022<span class=\"Apple-converted-space\">\u00a0 <\/span>Usuarios que realizan comentarios en el blog: Se recogen de estos usuarios el correo-e, nombre y apellidos o Nickname, comentario realizado, fecha del comentario.<\/p>\n<p class=\"p1\">\u2022<span class=\"Apple-converted-space\">\u00a0 \u00a0 <\/span>Usuarios que nos remiten su curriculum vitae a trav\u00e9s del apartado destinado al efecto en nuestra web.<\/p>\n<p class=\"p1\"><b>3.1<\/b> <b>Reglas y prohibiciones de uso para usuarios de nuestros servicios<\/b><\/p>\n<p class=\"p3\">El Usuario se compromete expresamente a hacer un uso adecuado de los contenidos y servicios ofrecidos y a no emplearlos para:<\/p>\n<ul class=\"ul1\">\n<li class=\"li3\">Difundir contenidos delictivos, violentos, pornogr\u00e1ficos, racistas, xen\u00f3fobo, ofensivos, de apolog\u00eda del terrorismo o, en general, contrarios a la ley o al orden p\u00fablico.<\/li>\n<li class=\"li3\">Introducir en la red virus inform\u00e1ticos o realizar actuaciones susceptibles de alterar, estropear, interrumpir o generar errores o da\u00f1os en los documentos electr\u00f3nicos, datos o sistemas f\u00edsicos y l\u00f3gicos de\u00a0ICA SERVISALUD, S.L.\u00a0o de terceras personas; as\u00ed como obstaculizar el acceso de otros Usuarios al sitio Web y a sus servicios.<\/li>\n<li class=\"li3\">Intentar acceder a \u00e1reas restringidas de los sistemas inform\u00e1ticos de\u00a0ICA SERVISALUD, S.L.\u00a0o de terceros y, en su caso, extraer informaci\u00f3n.<\/li>\n<li class=\"li3\">Vulnerar los derechos de propiedad intelectual o industrial, as\u00ed como violar la confidencialidad de la informaci\u00f3n de\u00a0ICA SERVISALUD, S.L.\u00a0o de terceros.<\/li>\n<li class=\"li3\">Suplantar la identidad de otro Usuario, de las administraciones p\u00fablicas o de un tercero.<\/li>\n<li class=\"li3\">Reproducir, copiar, distribuir, poner a disposici\u00f3n o de cualquier otra forma comunicar p\u00fablicamente, transformar o modificar los Contenidos, a menos que se cuente con la autorizaci\u00f3n del titular de los correspondientes derechos o ello resulte legalmente permitido<\/li>\n<li class=\"li4\">Recabar datos con finalidad publicitaria y de remitir publicidad de cualquier clase y comunicaciones con fines de venta u otras de naturaleza comercial sin que medie su previa solicitud o consentimiento.<\/li>\n<\/ul>\n<p class=\"p3\"><b>3.2. Procedimiento en caso de realizaci\u00f3n de actividades de car\u00e1cter il\u00edcito<\/b><\/p>\n<p class=\"p4\">En el caso de que cualquier usuario o un tercero considere que existen hechos o circunstancias que revelen el car\u00e1cter il\u00edcito de la utilizaci\u00f3n de cualquier contenido y\/o de la realizaci\u00f3n de cualquier actividad en las p\u00e1ginas Web incluidas o accesibles a trav\u00e9s del sitio Web, deber\u00e1 enviar una notificaci\u00f3n a\u00a0ICA SERVISALUD, S.L.\u00a0identific\u00e1ndose debidamente, especificando las supuestas infracciones y declarando expresamente y bajo su responsabilidad que la informaci\u00f3n proporcionada en la notificaci\u00f3n es exacta.<\/p>\n<ol start=\"4\">\n<li><b> Pol\u00edtica de privacidad<\/b><\/li>\n<\/ol>\n<p class=\"p1\">El usuario puede consultar c\u00f3mo ICA SERVISALUD, S.L. utiliza sus datos y las medidas de seguridad implantadas en el enlace:\u00a0\u00abPol\u00edtica de privacidad\u201d.<\/p>\n<ol start=\"5\">\n<li><b> Pol\u00edtica de cookies<\/b><\/li>\n<\/ol>\n<p class=\"p1\">ICA SERVISALUD, S.L. instala cookies en el ordenador del usuario. Para conocer m\u00e1s las cookies de nuestro sitio web acuda al siguiente enlace:\u00a0\u00abpol\u00edtica de cookies\u00bb.<\/p>\n<ol start=\"6\">\n<li><b> Notificaciones<\/b><\/li>\n<\/ol>\n<p class=\"p1\">Todas las notificaciones y comunicaciones entre los usuarios y ICA SERVISALUD, S.L. se considerar\u00e1n eficaces, a todos los efectos, cuando se realicen a trav\u00e9s de correo postal o correo electr\u00f3nico o comunicaci\u00f3n telef\u00f3nica. Los usuarios deber\u00e1n dirigirse a ICA SERVISALUD, S.L. mediante:<\/p>\n<p class=\"p1\">\u2022<span class=\"Apple-tab-span\"> <\/span>Env\u00edo por correo postal a la siguiente direcci\u00f3n: ICA SERVISALUD, S.L. \u2013 LA PALMITA N\u00ba 2 38314 &#8211; LA OROTAVA.<\/p>\n<p class=\"p2\">\u2022<span class=\"Apple-tab-span\"> <\/span>Env\u00edo por correo electr\u00f3nico a la siguiente direcci\u00f3n: info@clinicaica.com<\/p>\n<ol start=\"7\">\n<li><b> Propiedad Industrial y propiedad intelectual<\/b><\/li>\n<\/ol>\n<p class=\"p1\">Todos los contenidos del sitio Web, como textos, fotograf\u00edas, gr\u00e1ficos, im\u00e1genes, iconos, tecnolog\u00eda, software, as\u00ed como su dise\u00f1o gr\u00e1fico y c\u00f3digos fuente, constituyen una obra cuya propiedad pertenece a ICA SERVISALUD, S.L., sin que puedan entenderse cedidos al Usuario ninguno de los derechos de explotaci\u00f3n sobre los mismos m\u00e1s all\u00e1 de lo estrictamente necesario para el correcto uso de la Web.<\/p>\n<p class=\"p1\">En definitiva, los usuarios que accedan a este sitio Web pueden visualizar los contenidos y efectuar, en su caso, copias privadas autorizadas siempre que los elementos reproducidos no sean cedidos posteriormente a terceros, ni se instalen a servidores conectados a redes, ni sean objeto de ning\u00fan tipo de explotaci\u00f3n y \u00fanica y exclusivamente mientras se encuentre en vigor el servicio.<\/p>\n<p class=\"p1\">Asimismo, todas las marcas, nombres comerciales o signos distintivos de cualquier clase que aparecen en el sitio Web son propiedad de ICA SERVISALUD, S.L., sin que pueda entenderse que el uso o acceso al mismo atribuya al Usuario derecho alguno sobre los mismos.<\/p>\n<p class=\"p2\">Quedan prohibidas la distribuci\u00f3n, modificaci\u00f3n, cesi\u00f3n o comunicaci\u00f3n p\u00fablica de los contenidos y cualquier otro acto que no haya sido expresamente autorizado por ICA SERVISALUD, S.L. En caso de incumplimiento ICA SERVISALUD, S.L. proceder\u00e1 a adoptar las medidas legales oportunas.<\/p>\n<ol start=\"8\">\n<li><b> Exenci\u00f3n de responsabilidad y modificaci\u00f3n del presente aviso legal<\/b><\/li>\n<\/ol>\n<p class=\"p1\">La web www.clinicaica.com utiliza t\u00e9cnicas de seguridad de la informaci\u00f3n tales como firewalls, procedimientos de control de acceso y mecanismos criptogr\u00e1ficos, todo ello con el objetivo de evitar el acceso no autorizado a los datos y garantizar la confidencialidad de los mismos.<\/p>\n<p class=\"p1\">La informaci\u00f3n que se difunde en esta web se hace \u00fanica y exclusivamente a t\u00edtulo informativo, reserv\u00e1ndose ICA SERVISALUD, S.L. el derecho de eliminar o suspender su difusi\u00f3n, total o parcialmente, y a modificar la estructura y contenido de este sitio Web sin aviso previo, pudiendo incluso limitar o no permitir el acceso a dicha informaci\u00f3n. ICA SERVISALUD, S.L. intenta<span class=\"Apple-converted-space\">\u00a0 <\/span>mantener la calidad y actualizaci\u00f3n de esta informaci\u00f3n y evitar y minimizar posibles errores pero ICA SERVISALUD, S.L. no responder\u00e1 de los da\u00f1os o perjuicios causados por decisiones tomadas en base a la informaci\u00f3n difundida; ni de inexactitudes, omisiones o errores contenidos en el mismo, ni de los problemas que se originen por el uso de este sitio Web u otro de conexi\u00f3n externa; ni de los da\u00f1os y\/o perjuicios en el software o hardware del usuario que se deriven del acceso a este sitio Web.<\/p>\n<p class=\"p1\">Los Usuarios aceptan expresamente que ICA SERVISALUD, S.L. no ser\u00e1 responsable del acceso no autorizado o alteraci\u00f3n de sus transmisiones o datos, de cualquier material o datos enviados o recibidos o no enviados o recibidos, ni de ninguna transacci\u00f3n realizada a trav\u00e9s de su web.<\/p>\n<p class=\"p1\">ICA SERVISALUD, S.L. se reserva el derecho a modificar el presente aviso legal unilateralmente y sin preaviso en los t\u00e9rminos y condiciones que estime conveniente con la \u00fanica obligaci\u00f3n de informar al usuario de las modificaciones efectuadas a trav\u00e9s de <a href=\"http:\/\/www.clinicaica.com\">www.clinicaica.com<\/a>.\u00a0<\/p>\n<ol start=\"9\">\n<li><b> Nulidad parcial<\/b><\/li>\n<\/ol>\n<p class=\"p1\">Si alguna de las presentes cl\u00e1usulas fuese declarada nula y sin efecto por resoluci\u00f3n firme dictada por autoridad competente, los restantes t\u00e9rminos y condiciones permanecer\u00e1n en vigor, sin que queden afectados por dicha declaraci\u00f3n de nulidad.<\/p>\n<ol start=\"10\">\n<li><b> Ley aplicable y tribunales competentes<\/b><\/li>\n<\/ol>\n<p class=\"p1\">El presente sitio web queda sometido a lo establecido por la legislaci\u00f3n espa\u00f1ola y normativa europea que resulte de aplicaci\u00f3n<\/p>\n<p class=\"p1\">Cualquier controversia que surja o guarde relaci\u00f3n con el uso de la p\u00e1gina web o con dichos productos ser\u00e1 sometida a la jurisdicci\u00f3n no exclusiva de los juzgados y tribunales espa\u00f1oles de la provincia de Santa Cruz de Tenerife.<\/p>\n<p class=\"p1\">Si se trata de un consumidor final nada en la presente cl\u00e1usula afectar\u00e1 a los derechos que como tal le reconoce la legislaci\u00f3n vigente, pudiendo elegir presentar una reclamaci\u00f3n para hacer valer sus derechos en relaci\u00f3n con las presentes Condiciones ante el Juez o Tribunales que correspondan a su domicilio.<\/p>\n<p class=\"p2\">\n<p class=\"p3\"><strong>Fecha: 27\/01\/2026<\/strong><\/p>\n<p class=\"p3\"><strong>Versi\u00f3n: V.1.0<\/strong><\/p>\n<p>[\/et_pb_text][\/et_pb_column][\/et_pb_row][\/et_pb_section]<\/p>\n","protected":false},"excerpt":{"rendered":"<p>Aviso legalAVISO LEGAL Objeto y aceptaci\u00f3n El presente aviso legal regula el uso del sitio Web: www.clinicaica.com El sitio web www.clinicaica.com presta servicios cuyo objetivo primordial es permitir el contacto entre los usuarios y la entidad, bien para ponerse en contacto con nosotros, responder a su solicitud, gestionar su reclamaci\u00f3n, ejercitar sus derechos en protecci\u00f3n [&hellip;]<\/p>\n","protected":false},"author":13,"featured_media":0,"parent":0,"menu_order":100,"comment_status":"closed","ping_status":"closed","template":"","meta":{"_et_pb_use_builder":"on","_et_pb_old_content":"","_et_gb_content_width":"","_sitemap_exclude":false,"_sitemap_priority":"","_sitemap_frequency":"","_mbp_gutenberg_autopost":false,"_joinchat":[],"footnotes":""},"class_list":["post-929","page","type-page","status-publish","hentry"],"yoast_head":"<!-- This site is optimized with the Yoast SEO Premium plugin v21.8 (Yoast SEO v27.3) - https:\/\/yoast.com\/product\/yoast-seo-premium-wordpress\/ -->\n<title>Aviso legal - Instituto de Cirug\u00eda Avanzada<\/title>\n<meta name=\"robots\" content=\"noindex, nofollow\" \/>\n<meta property=\"og:locale\" content=\"de_DE\" \/>\n<meta property=\"og:type\" content=\"article\" \/>\n<meta property=\"og:title\" content=\"Aviso legal - Instituto de Cirug\u00eda Avanzada\" \/>\n<meta property=\"og:description\" content=\"Aviso legalAVISO LEGAL Objeto y aceptaci\u00f3n El presente aviso legal regula el uso del sitio Web: www.clinicaica.com El sitio web www.clinicaica.com presta servicios cuyo objetivo primordial es permitir el contacto entre los usuarios y la entidad, bien para ponerse en contacto con nosotros, responder a su solicitud, gestionar su reclamaci\u00f3n, ejercitar sus derechos en protecci\u00f3n [&hellip;]\" \/>\n<meta property=\"og:url\" content=\"https:\/\/www.clinicaica.com\/de\/aviso-legal\/\" \/>\n<meta property=\"og:site_name\" content=\"Instituto de Cirug\u00eda Avanzada\" \/>\n<meta property=\"article:publisher\" content=\"https:\/\/www.facebook.com\/icaestetica\/\" \/>\n<meta property=\"article:modified_time\" content=\"2026-02-12T01:31:31+00:00\" \/>\n<meta property=\"og:image\" content=\"https:\/\/www.clinicaica.com\/wp-content\/uploads\/2021\/01\/instituto-cirugia-avanzada-ica.png\" \/>\n\t<meta property=\"og:image:width\" content=\"216\" \/>\n\t<meta property=\"og:image:height\" content=\"90\" \/>\n\t<meta property=\"og:image:type\" content=\"image\/png\" \/>\n<meta name=\"twitter:card\" content=\"summary_large_image\" \/>\n<meta name=\"twitter:label1\" content=\"Gesch\u00e4tzte Lesezeit\" \/>\n\t<meta name=\"twitter:data1\" content=\"4\u00a0Minuten\" \/>\n<script type=\"application\/ld+json\" class=\"yoast-schema-graph\">{\"@context\":\"https:\\\/\\\/schema.org\",\"@graph\":[{\"@type\":\"WebPage\",\"@id\":\"https:\\\/\\\/www.clinicaica.com\\\/aviso-legal\\\/\",\"url\":\"https:\\\/\\\/www.clinicaica.com\\\/aviso-legal\\\/\",\"name\":\"Aviso legal - Instituto de Cirug\u00eda Avanzada\",\"isPartOf\":{\"@id\":\"https:\\\/\\\/www.clinicaica.com\\\/#website\"},\"datePublished\":\"2021-02-04T07:10:03+00:00\",\"dateModified\":\"2026-02-12T01:31:31+00:00\",\"breadcrumb\":{\"@id\":\"https:\\\/\\\/www.clinicaica.com\\\/aviso-legal\\\/#breadcrumb\"},\"inLanguage\":\"de\",\"potentialAction\":[{\"@type\":\"ReadAction\",\"target\":[\"https:\\\/\\\/www.clinicaica.com\\\/aviso-legal\\\/\"]}]},{\"@type\":\"BreadcrumbList\",\"@id\":\"https:\\\/\\\/www.clinicaica.com\\\/aviso-legal\\\/#breadcrumb\",\"itemListElement\":[{\"@type\":\"ListItem\",\"position\":1,\"name\":\"Portada\",\"item\":\"https:\\\/\\\/www.clinicaica.com\\\/\"},{\"@type\":\"ListItem\",\"position\":2,\"name\":\"Aviso legal\"}]},{\"@type\":\"WebSite\",\"@id\":\"https:\\\/\\\/www.clinicaica.com\\\/#website\",\"url\":\"https:\\\/\\\/www.clinicaica.com\\\/\",\"name\":\"Instituto de Cirug\u00eda Avanzada\",\"description\":\"Medicina Est\u00e9tica en Tenerife y La Palma\",\"publisher\":{\"@id\":\"https:\\\/\\\/www.clinicaica.com\\\/#organization\"},\"alternateName\":\"ICA\",\"potentialAction\":[{\"@type\":\"SearchAction\",\"target\":{\"@type\":\"EntryPoint\",\"urlTemplate\":\"https:\\\/\\\/www.clinicaica.com\\\/?s={search_term_string}\"},\"query-input\":{\"@type\":\"PropertyValueSpecification\",\"valueRequired\":true,\"valueName\":\"search_term_string\"}}],\"inLanguage\":\"de\"},{\"@type\":\"Organization\",\"@id\":\"https:\\\/\\\/www.clinicaica.com\\\/#organization\",\"name\":\"Cl\u00ednicas Est\u00e9ticas en Canarias\",\"alternateName\":\"Cl\u00ednica ICA\",\"url\":\"https:\\\/\\\/www.clinicaica.com\\\/\",\"logo\":{\"@type\":\"ImageObject\",\"inLanguage\":\"de\",\"@id\":\"https:\\\/\\\/www.clinicaica.com\\\/#\\\/schema\\\/logo\\\/image\\\/\",\"url\":\"https:\\\/\\\/www.clinicaica.com\\\/wp-content\\\/uploads\\\/2021\\\/01\\\/instituto-cirugia-avanzada-ica.png\",\"contentUrl\":\"https:\\\/\\\/www.clinicaica.com\\\/wp-content\\\/uploads\\\/2021\\\/01\\\/instituto-cirugia-avanzada-ica.png\",\"width\":216,\"height\":90,\"caption\":\"Cl\u00ednicas Est\u00e9ticas en Canarias\"},\"image\":{\"@id\":\"https:\\\/\\\/www.clinicaica.com\\\/#\\\/schema\\\/logo\\\/image\\\/\"},\"sameAs\":[\"https:\\\/\\\/www.facebook.com\\\/icaestetica\\\/\",\"https:\\\/\\\/www.instagram.com\\\/clinicaica_\\\/\"]}]}<\/script>\n<!-- \/ Yoast SEO Premium plugin. -->","yoast_head_json":{"title":"Aviso legal - Instituto de Cirug\u00eda Avanzada","robots":{"index":"noindex","follow":"nofollow"},"og_locale":"de_DE","og_type":"article","og_title":"Aviso legal - Instituto de Cirug\u00eda Avanzada","og_description":"Aviso legalAVISO LEGAL Objeto y aceptaci\u00f3n El presente aviso legal regula el uso del sitio Web: www.clinicaica.com El sitio web www.clinicaica.com presta servicios cuyo objetivo primordial es permitir el contacto entre los usuarios y la entidad, bien para ponerse en contacto con nosotros, responder a su solicitud, gestionar su reclamaci\u00f3n, ejercitar sus derechos en protecci\u00f3n [&hellip;]","og_url":"https:\/\/www.clinicaica.com\/de\/aviso-legal\/","og_site_name":"Instituto de Cirug\u00eda Avanzada","article_publisher":"https:\/\/www.facebook.com\/icaestetica\/","article_modified_time":"2026-02-12T01:31:31+00:00","og_image":[{"width":216,"height":90,"url":"https:\/\/www.clinicaica.com\/wp-content\/uploads\/2021\/01\/instituto-cirugia-avanzada-ica.png","type":"image\/png"}],"twitter_card":"summary_large_image","twitter_misc":{"Gesch\u00e4tzte Lesezeit":"4\u00a0Minuten"},"schema":{"@context":"https:\/\/schema.org","@graph":[{"@type":"WebPage","@id":"https:\/\/www.clinicaica.com\/aviso-legal\/","url":"https:\/\/www.clinicaica.com\/aviso-legal\/","name":"Aviso legal - Instituto de Cirug\u00eda Avanzada","isPartOf":{"@id":"https:\/\/www.clinicaica.com\/#website"},"datePublished":"2021-02-04T07:10:03+00:00","dateModified":"2026-02-12T01:31:31+00:00","breadcrumb":{"@id":"https:\/\/www.clinicaica.com\/aviso-legal\/#breadcrumb"},"inLanguage":"de","potentialAction":[{"@type":"ReadAction","target":["https:\/\/www.clinicaica.com\/aviso-legal\/"]}]},{"@type":"BreadcrumbList","@id":"https:\/\/www.clinicaica.com\/aviso-legal\/#breadcrumb","itemListElement":[{"@type":"ListItem","position":1,"name":"Portada","item":"https:\/\/www.clinicaica.com\/"},{"@type":"ListItem","position":2,"name":"Aviso legal"}]},{"@type":"WebSite","@id":"https:\/\/www.clinicaica.com\/#website","url":"https:\/\/www.clinicaica.com\/","name":"Instituto de Cirug\u00eda Avanzada","description":"Medicina Est\u00e9tica en Tenerife y La Palma","publisher":{"@id":"https:\/\/www.clinicaica.com\/#organization"},"alternateName":"ICA","potentialAction":[{"@type":"SearchAction","target":{"@type":"EntryPoint","urlTemplate":"https:\/\/www.clinicaica.com\/?s={search_term_string}"},"query-input":{"@type":"PropertyValueSpecification","valueRequired":true,"valueName":"search_term_string"}}],"inLanguage":"de"},{"@type":"Organization","@id":"https:\/\/www.clinicaica.com\/#organization","name":"\u00c4sthetische Kliniken auf den Kanarischen Inseln","alternateName":"Cl\u00ednica ICA","url":"https:\/\/www.clinicaica.com\/","logo":{"@type":"ImageObject","inLanguage":"de","@id":"https:\/\/www.clinicaica.com\/#\/schema\/logo\/image\/","url":"https:\/\/www.clinicaica.com\/wp-content\/uploads\/2021\/01\/instituto-cirugia-avanzada-ica.png","contentUrl":"https:\/\/www.clinicaica.com\/wp-content\/uploads\/2021\/01\/instituto-cirugia-avanzada-ica.png","width":216,"height":90,"caption":"Cl\u00ednicas Est\u00e9ticas en Canarias"},"image":{"@id":"https:\/\/www.clinicaica.com\/#\/schema\/logo\/image\/"},"sameAs":["https:\/\/www.facebook.com\/icaestetica\/","https:\/\/www.instagram.com\/clinicaica_\/"]}]}},"_links":{"self":[{"href":"https:\/\/www.clinicaica.com\/de\/wp-json\/wp\/v2\/pages\/929","targetHints":{"allow":["GET"]}}],"collection":[{"href":"https:\/\/www.clinicaica.com\/de\/wp-json\/wp\/v2\/pages"}],"about":[{"href":"https:\/\/www.clinicaica.com\/de\/wp-json\/wp\/v2\/types\/page"}],"author":[{"embeddable":true,"href":"https:\/\/www.clinicaica.com\/de\/wp-json\/wp\/v2\/users\/13"}],"replies":[{"embeddable":true,"href":"https:\/\/www.clinicaica.com\/de\/wp-json\/wp\/v2\/comments?post=929"}],"version-history":[{"count":0,"href":"https:\/\/www.clinicaica.com\/de\/wp-json\/wp\/v2\/pages\/929\/revisions"}],"wp:attachment":[{"href":"https:\/\/www.clinicaica.com\/de\/wp-json\/wp\/v2\/media?parent=929"}],"curies":[{"name":"wp","href":"https:\/\/api.w.org\/{rel}","templated":true}]}}