{"id":6544,"date":"2025-10-17T00:10:26","date_gmt":"2025-10-16T23:10:26","guid":{"rendered":"https:\/\/www.clinicaica.com\/?page_id=6544"},"modified":"2026-01-13T20:20:43","modified_gmt":"2026-01-13T19:20:43","slug":"tratamiento-care","status":"publish","type":"page","link":"https:\/\/www.clinicaica.com\/en\/tratamiento-care\/","title":{"rendered":"Pack acn\u00e9"},"content":{"rendered":"<p>[et_pb_section fb_built=\u00bb1&#8243; admin_label=\u00bbsection\u00bb _builder_version=\u00bb4.16&#8243; da_disable_devices=\u00bboff|off|off\u00bb global_colors_info=\u00bb{}\u00bb theme_builder_area=\u00bbpost_content\u00bb da_is_popup=\u00bboff\u00bb da_exit_intent=\u00bboff\u00bb da_has_close=\u00bbon\u00bb da_alt_close=\u00bboff\u00bb da_dark_close=\u00bboff\u00bb da_not_modal=\u00bbon\u00bb da_is_singular=\u00bboff\u00bb da_with_loader=\u00bboff\u00bb da_has_shadow=\u00bbon\u00bb][et_pb_row admin_label=\u00bbrow\u00bb _builder_version=\u00bb4.16&#8243; background_size=\u00bbinitial\u00bb background_position=\u00bbtop_left\u00bb background_repeat=\u00bbrepeat\u00bb global_colors_info=\u00bb{}\u00bb theme_builder_area=\u00bbpost_content\u00bb][et_pb_column type=\u00bb4_4&#8243; _builder_version=\u00bb4.16&#8243; custom_padding=\u00bb|||\u00bb global_colors_info=\u00bb{}\u00bb custom_padding__hover=\u00bb|||\u00bb theme_builder_area=\u00bbpost_content\u00bb][et_pb_text admin_label=\u00bbText\u00bb _builder_version=\u00bb4.16&#8243; background_size=\u00bbinitial\u00bb background_position=\u00bbtop_left\u00bb background_repeat=\u00bbrepeat\u00bb global_colors_info=\u00bb{}\u00bb theme_builder_area=\u00bbpost_content\u00bb][\/et_pb_text][\/et_pb_column][\/et_pb_row][\/et_pb_section][et_pb_section fb_built=\u00bb1&#8243; custom_padding_last_edited=\u00bbon|phone\u00bb _builder_version=\u00bb4.27.5&#8243; _module_preset=\u00bbdefault\u00bb background_color=\u00bbrgba(205,160,82,0.63)\u00bb background_image=\u00bbhttps:\/\/www.clinicaica.com\/wp-content\/uploads\/2023\/09\/Blog-ICA.jpg\u00bb background_blend=\u00bblighten\u00bb custom_padding=\u00bb10%||10%||true|false\u00bb custom_padding_tablet=\u00bb10%||10%||true|false\u00bb custom_padding_phone=\u00bb10%||10%||true|false\u00bb hover_enabled=\u00bb0&#8243; da_disable_devices=\u00bboff|off|off\u00bb global_colors_info=\u00bb{}\u00bb theme_builder_area=\u00bbpost_content\u00bb alt=\u00bbEn Cl\u00ednica ICA utilizamos la tecnolog\u00eda l\u00e1ser para eliminar las cicatrices producidas por el acn\u00e9 en el rostro\u00bb title_text=\u00bbCicatrices de acn\u00e9\u00bb sticky_enabled=\u00bb0&#8243; da_is_popup=\u00bboff\u00bb da_exit_intent=\u00bboff\u00bb da_has_close=\u00bbon\u00bb da_alt_close=\u00bboff\u00bb da_dark_close=\u00bboff\u00bb da_not_modal=\u00bbon\u00bb da_is_singular=\u00bboff\u00bb da_with_loader=\u00bboff\u00bb da_has_shadow=\u00bbon\u00bb][et_pb_row _builder_version=\u00bb4.27.4&#8243; _module_preset=\u00bbdefault\u00bb global_colors_info=\u00bb{}\u00bb theme_builder_area=\u00bbpost_content\u00bb][et_pb_column type=\u00bb4_4&#8243; _builder_version=\u00bb4.27.4&#8243; _module_preset=\u00bbdefault\u00bb global_colors_info=\u00bb{}\u00bb theme_builder_area=\u00bbpost_content\u00bb][et_pb_text _builder_version=\u00bb4.27.5&#8243; _module_preset=\u00bbdefault\u00bb text_text_color=\u00bb#424543&#8243; header_font=\u00bb|700|||||||\u00bb header_text_color=\u00bb#FFFFFF\u00bb header_font_size=\u00bb50px\u00bb header_2_font=\u00bb&#8211;et_global_body_font|300|||||||\u00bb header_2_text_align=\u00bbcenter\u00bb header_2_text_color=\u00bb#FFFFFF\u00bb header_2_font_size=\u00bb20px\u00bb hover_enabled=\u00bb0&#8243; header_font_size_tablet=\u00bb50px\u00bb header_font_size_phone=\u00bb45px\u00bb header_font_size_last_edited=\u00bbon|phone\u00bb header_2_font_size_tablet=\u00bb20px\u00bb header_2_font_size_phone=\u00bb17px\u00bb header_2_font_size_last_edited=\u00bbon|phone\u00bb global_colors_info=\u00bb{}\u00bb theme_builder_area=\u00bbpost_content\u00bb sticky_enabled=\u00bb0&#8243;]<\/p>\n<h1 style=\"text-align: center;\">Pack acn\u00e9<\/h1>\n<h2>Detener la formaci\u00f3n de nuevas lesiones, acelerar la curaci\u00f3n de lesiones existentes y prevenir las cicatrices.<\/h2>\n<p>[\/et_pb_text][\/et_pb_column][\/et_pb_row][\/et_pb_section][et_pb_section fb_built=\u00bb1&#8243; _builder_version=\u00bb4.27.4&#8243; _module_preset=\u00bbdefault\u00bb da_disable_devices=\u00bboff|off|off\u00bb global_colors_info=\u00bb{}\u00bb theme_builder_area=\u00bbpost_content\u00bb da_is_popup=\u00bboff\u00bb da_exit_intent=\u00bboff\u00bb da_has_close=\u00bbon\u00bb da_alt_close=\u00bboff\u00bb da_dark_close=\u00bboff\u00bb da_not_modal=\u00bbon\u00bb da_is_singular=\u00bboff\u00bb da_with_loader=\u00bboff\u00bb da_has_shadow=\u00bbon\u00bb][et_pb_row column_structure=\u00bb1_2,1_2&#8243; make_equal=\u00bbon\u00bb _builder_version=\u00bb4.27.5&#8243; _module_preset=\u00bbdefault\u00bb custom_padding=\u00bb||||true|true\u00bb global_colors_info=\u00bb{}\u00bb theme_builder_area=\u00bbpost_content\u00bb][et_pb_column type=\u00bb1_2&#8243; _builder_version=\u00bb4.27.4&#8243; _module_preset=\u00bbdefault\u00bb background_color=\u00bb#edd5b8&#8243; custom_padding=\u00bb10px|15px|10px|15px|true|true\u00bb global_colors_info=\u00bb{}\u00bb theme_builder_area=\u00bbpost_content\u00bb][et_pb_image src=\u00bbhttps:\/\/www.clinicaica.com\/wp-content\/uploads\/2026\/01\/Eliosan-Plus.png\u00bb title_text=\u00bbEliosan Plus\u00bb _builder_version=\u00bb4.27.5&#8243; _module_preset=\u00bbdefault\u00bb width=\u00bb75%\u00bb width_tablet=\u00bb60%\u00bb width_phone=\u00bb60%\u00bb width_last_edited=\u00bbon|phone\u00bb module_alignment=\u00bbcenter\u00bb global_colors_info=\u00bb{}\u00bb theme_builder_area=\u00bbpost_content\u00bb][\/et_pb_image][et_pb_text _builder_version=\u00bb4.27.5&#8243; _module_preset=\u00bbdefault\u00bb header_3_font=\u00bb|700|||||||\u00bb global_colors_info=\u00bb{}\u00bb theme_builder_area=\u00bbpost_content\u00bb]<\/p>\n<h3 style=\"text-align: justify;\">ELIOSAN PLUS 30 comprimidos<\/h3>\n<p class=\"p1\">Este tratamiento ayuda a mejorar la <strong>salud<\/strong> y el aspecto de la <strong>piel<\/strong> desde dentro.<\/p>\n<p class=\"p1\">Est\u00e1 indicado en casos de afecciones de la piel ya que reduce la inflamaci\u00f3n y favorece la regeneraci\u00f3n celular, ayudando a que la piel se recupere y luzca m\u00e1s uniforme.<\/p>\n<p class=\"p1\">Aporta antioxidantes y nutrientes esenciales para una piel m\u00e1s sana y equilibrada.<\/p>\n<p class=\"p1\"><em><strong>Dosis:<\/strong> Tomar 2 comprimidos al d\u00eda preferentemente fuera de las comidas<\/em><\/p>\n<p>[\/et_pb_text][\/et_pb_column][et_pb_column type=\u00bb1_2&#8243; _builder_version=\u00bb4.27.4&#8243; _module_preset=\u00bbdefault\u00bb background_color=\u00bb#edd5b8&#8243; custom_padding=\u00bb10px|15px|10px|15px|true|true\u00bb global_colors_info=\u00bb{}\u00bb theme_builder_area=\u00bbpost_content\u00bb][et_pb_image src=\u00bbhttps:\/\/www.clinicaica.com\/wp-content\/uploads\/2026\/01\/Natospore.png\u00bb title_text=\u00bbNatospore\u00bb _builder_version=\u00bb4.27.5&#8243; _module_preset=\u00bbdefault\u00bb width=\u00bb75%\u00bb width_tablet=\u00bb60%\u00bb width_phone=\u00bb60%\u00bb width_last_edited=\u00bbon|phone\u00bb module_alignment=\u00bbcenter\u00bb global_colors_info=\u00bb{}\u00bb theme_builder_area=\u00bbpost_content\u00bb][\/et_pb_image][et_pb_text _builder_version=\u00bb4.27.5&#8243; _module_preset=\u00bbdefault\u00bb header_3_font=\u00bb|700|||||||\u00bb global_colors_info=\u00bb{}\u00bb theme_builder_area=\u00bbpost_content\u00bb]<\/p>\n<h3 style=\"text-align: justify;\">Natospore 90 c\u00e1psulas<\/h3>\n<p class=\"p1\">Este tratamiento ayuda a mejorar la <strong>salud digestiva<\/strong>, un factor clave para mantener la piel libre de impurezas.<\/p>\n<p class=\"p1\">Favorece una buena digesti\u00f3n y el equilibrio intestinal, ayudando al cuerpo a eliminar toxinas que pueden influir en la aparici\u00f3n de afecciones.<\/p>\n<p class=\"p1\">Adem\u00e1s, refuerza el sistema inmunitario, lo que contribuye a reducir la inflamaci\u00f3n y los brotes, favoreciendo una piel m\u00e1s limpia, equilibrada y saludable desde el interior.<\/p>\n<p class=\"p1\"><em><strong>Dosis:<\/strong> Tomar 1 c\u00e1psula al d\u00eda, preferentemente antes de la comida.<\/em><\/p>\n<p>[\/et_pb_text][\/et_pb_column][\/et_pb_row][et_pb_row column_structure=\u00bb1_2,1_2&#8243; make_equal=\u00bbon\u00bb _builder_version=\u00bb4.27.5&#8243; _module_preset=\u00bbdefault\u00bb custom_padding=\u00bb||||true|true\u00bb hover_enabled=\u00bb0&#8243; global_colors_info=\u00bb{}\u00bb theme_builder_area=\u00bbpost_content\u00bb sticky_enabled=\u00bb0&#8243; positioning_last_edited=\u00bbon|desktop\u00bb position_origin_a_last_edited=\u00bbon|desktop\u00bb position_origin_f_last_edited=\u00bbon|desktop\u00bb position_origin_r_last_edited=\u00bbon|desktop\u00bb horizontal_offset=\u00bb275px\u00bb horizontal_offset_last_edited=\u00bbon|phone\u00bb horizontal_offset_tablet=\u00bb0px\u00bb horizontal_offset_phone=\u00bb0px\u00bb][et_pb_column type=\u00bb1_2&#8243; _builder_version=\u00bb4.27.4&#8243; _module_preset=\u00bbdefault\u00bb background_color=\u00bb#edd5b8&#8243; custom_padding=\u00bb10px|15px|10px|15px|true|true\u00bb hover_enabled=\u00bb0&#8243; global_colors_info=\u00bb{}\u00bb theme_builder_area=\u00bbpost_content\u00bb sticky_enabled=\u00bb0&#8243;][et_pb_image src=\u00bbhttps:\/\/www.clinicaica.com\/wp-content\/uploads\/2026\/01\/Melena-de-leon.png\u00bb title_text=\u00bbMelena de leon\u00bb _builder_version=\u00bb4.27.5&#8243; _module_preset=\u00bbdefault\u00bb width=\u00bb75%\u00bb width_tablet=\u00bb60%\u00bb width_phone=\u00bb60%\u00bb width_last_edited=\u00bbon|phone\u00bb module_alignment=\u00bbcenter\u00bb hover_enabled=\u00bb0&#8243; global_colors_info=\u00bb{}\u00bb theme_builder_area=\u00bbpost_content\u00bb sticky_enabled=\u00bb0&#8243;][\/et_pb_image][et_pb_text _builder_version=\u00bb4.27.5&#8243; _module_preset=\u00bbdefault\u00bb header_3_font=\u00bb|700|||||||\u00bb hover_enabled=\u00bb0&#8243; global_colors_info=\u00bb{}\u00bb theme_builder_area=\u00bbpost_content\u00bb sticky_enabled=\u00bb0&#8243;]<\/p>\n<h3 style=\"text-align: justify;\">Melena de Le\u00f3n 90 c\u00e1psulas<\/h3>\n<p class=\"p1\">Ayuda a cuidar el sistema digestivo y mejorar el bienestar intestinal.<\/p>\n<p class=\"p1\">Protege las mucosas del est\u00f3mago e intestino, favorece una digesti\u00f3n saludable y ayuda a mantener el equilibrio de la flora intestinal. A su vez, contribuye a reducir la irritaci\u00f3n o el malestar digestivo y a regular la conexi\u00f3n entre el intestino y el sistema nervioso, mejorando el bienestar general.<\/p>\n<p class=\"p1\"><em><strong>Dosis:<\/strong> Tomar 3 c\u00e1psulas al d\u00eda en ayunas<\/em><\/p>\n<p>[\/et_pb_text][\/et_pb_column][et_pb_column _builder_version=\u00bb4.27.5&#8243; _module_preset=\u00bbdefault\u00bb type=\u00bb1_2&#8243; theme_builder_area=\u00bbpost_content\u00bb hover_enabled=\u00bb0&#8243; sticky_enabled=\u00bb0&#8243;][\/et_pb_column][\/et_pb_row][et_pb_row column_structure=\u00bb2_5,3_5&#8243; make_equal=\u00bbon\u00bb _builder_version=\u00bb4.27.5&#8243; _module_preset=\u00bbdefault\u00bb custom_padding=\u00bb||||true|true\u00bb hover_enabled=\u00bb0&#8243; global_colors_info=\u00bb{}\u00bb theme_builder_area=\u00bbpost_content\u00bb background_color=\u00bb#edd5b8&#8243; sticky_enabled=\u00bb0&#8243;][et_pb_column type=\u00bb2_5&#8243; _builder_version=\u00bb4.27.4&#8243; _module_preset=\u00bbdefault\u00bb background_color=\u00bb#edd5b8&#8243; custom_padding=\u00bb10px|15px|10px|15px|true|true\u00bb global_colors_info=\u00bb{}\u00bb theme_builder_area=\u00bbpost_content\u00bb][et_pb_image src=\u00bbhttps:\/\/www.clinicaica.com\/wp-content\/uploads\/2026\/01\/Ozomeder.png\u00bb title_text=\u00bbOzomeder\u00bb _builder_version=\u00bb4.27.5&#8243; _module_preset=\u00bbdefault\u00bb width=\u00bb75%\u00bb width_tablet=\u00bb60%\u00bb width_phone=\u00bb60%\u00bb width_last_edited=\u00bbon|phone\u00bb module_alignment=\u00bbcenter\u00bb hover_enabled=\u00bb0&#8243; global_colors_info=\u00bb{}\u00bb theme_builder_area=\u00bbpost_content\u00bb sticky_enabled=\u00bb0&#8243;][\/et_pb_image][et_pb_text _builder_version=\u00bb4.27.5&#8243; _module_preset=\u00bbdefault\u00bb theme_builder_area=\u00bbpost_content\u00bb text_font=\u00bb|700||on|||||\u00bb text_orientation=\u00bbcenter\u00bb hover_enabled=\u00bb0&#8243; sticky_enabled=\u00bb0&#8243;]<\/p>\n<p>V\u00eda t\u00f3pica<\/p>\n<p>[\/et_pb_text][\/et_pb_column][et_pb_column type=\u00bb3_5&#8243; _builder_version=\u00bb4.27.4&#8243; _module_preset=\u00bbdefault\u00bb background_color=\u00bb#edd5b8&#8243; custom_padding=\u00bb10px|15px|10px|15px|true|true\u00bb global_colors_info=\u00bb{}\u00bb theme_builder_area=\u00bbpost_content\u00bb][et_pb_text _builder_version=\u00bb4.27.5&#8243; _module_preset=\u00bbdefault\u00bb header_3_font=\u00bb|700|||||||\u00bb hover_enabled=\u00bb0&#8243; global_colors_info=\u00bb{}\u00bb theme_builder_area=\u00bbpost_content\u00bb sticky_enabled=\u00bb0&#8243;]<\/p>\n<h3 style=\"text-align: justify;\">Ozomeder 15 ml.<\/h3>\n<p class=\"p1\">Tratamiento que ayuda a mantener la piel sana y favorece su regeneraci\u00f3n natural.<\/p>\n<p class=\"p1\">Est\u00e1 indicado en casos de acn\u00e9, quemaduras, dermatitis o peque\u00f1as heridas, ya que acelera la cicatrizaci\u00f3n, desinfecta y protege la piel frente a afecciones.<\/p>\n<p class=\"p1\">Adem\u00e1s, favorece la regeneraci\u00f3n celular y cuida las mucosas, incluyendo la piel de la boca y las enc\u00edas, ayudando a mantenerlas fuertes y saludables.<\/p>\n<p class=\"p1\"><em><strong>Dosis:<\/strong> Aplicar de dos a cuatro gotas, una o dos veces al d\u00eda sobre la zona de riesgo.<\/em><\/p>\n<p>[\/et_pb_text][\/et_pb_column][\/et_pb_row][et_pb_row _builder_version=\u00bb4.27.5&#8243; _module_preset=\u00bbdefault\u00bb theme_builder_area=\u00bbpost_content\u00bb][et_pb_column _builder_version=\u00bb4.27.5&#8243; _module_preset=\u00bbdefault\u00bb type=\u00bb4_4&#8243; theme_builder_area=\u00bbpost_content\u00bb][et_pb_text _builder_version=\u00bb4.27.5&#8243; _module_preset=\u00bbdefault\u00bb theme_builder_area=\u00bbpost_content\u00bb text_font=\u00bb|700|||||||\u00bb text_font_size=\u00bb20px\u00bb text_orientation=\u00bbcenter\u00bb hover_enabled=\u00bb0&#8243; sticky_enabled=\u00bb0&#8243;]<\/p>\n<p class=\"p1\">TRATAMIENTO M\u00c9DICO PERSONALIZADO DE LA Dra. Sonia D\u00edaz P\u00e9rez<\/p>\n<p>[\/et_pb_text][\/et_pb_column][\/et_pb_row][\/et_pb_section]<\/p>\n","protected":false},"excerpt":{"rendered":"<p>Pack acn\u00e9 Detener la formaci\u00f3n de nuevas lesiones, acelerar la curaci\u00f3n de lesiones existentes y prevenir las cicatrices.ELIOSAN PLUS 30 comprimidos Este tratamiento ayuda a mejorar la salud y el aspecto de la piel desde dentro. Est\u00e1 indicado en casos de afecciones de la piel ya que reduce la inflamaci\u00f3n y favorece la regeneraci\u00f3n celular, [&hellip;]<\/p>\n","protected":false},"author":13,"featured_media":0,"parent":0,"menu_order":0,"comment_status":"closed","ping_status":"closed","template":"","meta":{"_et_pb_use_builder":"on","_et_pb_old_content":"","_et_gb_content_width":"","_sitemap_exclude":false,"_sitemap_priority":"","_sitemap_frequency":"","_mbp_gutenberg_autopost":false,"_joinchat":[],"footnotes":""},"class_list":["post-6544","page","type-page","status-publish","hentry"],"yoast_head":"<!-- This site is optimized with the Yoast SEO Premium plugin v21.8 (Yoast SEO v27.2) - https:\/\/yoast.com\/product\/yoast-seo-premium-wordpress\/ -->\n<title>Pack acn\u00e9 - Instituto de Cirug\u00eda Avanzada<\/title>\n<meta name=\"robots\" content=\"index, follow, max-snippet:-1, max-image-preview:large, max-video-preview:-1\" \/>\n<link rel=\"canonical\" href=\"https:\/\/www.clinicaica.com\/en\/tratamiento-care\/\" \/>\n<meta property=\"og:locale\" content=\"en_GB\" \/>\n<meta property=\"og:type\" content=\"article\" \/>\n<meta property=\"og:title\" content=\"Pack acn\u00e9 - Instituto de Cirug\u00eda Avanzada\" \/>\n<meta property=\"og:description\" content=\"Pack acn\u00e9 Detener la formaci\u00f3n de nuevas lesiones, acelerar la curaci\u00f3n de lesiones existentes y prevenir las cicatrices.ELIOSAN PLUS 30 comprimidos Este tratamiento ayuda a mejorar la salud y el aspecto de la piel desde dentro. Est\u00e1 indicado en casos de afecciones de la piel ya que reduce la inflamaci\u00f3n y favorece la regeneraci\u00f3n celular, [&hellip;]\" \/>\n<meta property=\"og:url\" content=\"https:\/\/www.clinicaica.com\/en\/tratamiento-care\/\" \/>\n<meta property=\"og:site_name\" content=\"Instituto de Cirug\u00eda Avanzada\" \/>\n<meta property=\"article:publisher\" content=\"https:\/\/www.facebook.com\/icaestetica\/\" \/>\n<meta property=\"article:modified_time\" content=\"2026-01-13T19:20:43+00:00\" \/>\n<meta property=\"og:image\" content=\"https:\/\/www.clinicaica.com\/wp-content\/uploads\/2021\/01\/instituto-cirugia-avanzada-ica.png\" \/>\n\t<meta property=\"og:image:width\" content=\"216\" \/>\n\t<meta property=\"og:image:height\" content=\"90\" \/>\n\t<meta property=\"og:image:type\" content=\"image\/png\" \/>\n<meta name=\"twitter:card\" content=\"summary_large_image\" \/>\n<script type=\"application\/ld+json\" class=\"yoast-schema-graph\">{\"@context\":\"https:\/\/schema.org\",\"@graph\":[{\"@type\":\"WebPage\",\"@id\":\"https:\/\/www.clinicaica.com\/tratamiento-care\/\",\"url\":\"https:\/\/www.clinicaica.com\/tratamiento-care\/\",\"name\":\"Pack acn\u00e9 - Instituto de Cirug\u00eda Avanzada\",\"isPartOf\":{\"@id\":\"https:\/\/www.clinicaica.com\/#website\"},\"datePublished\":\"2025-10-16T23:10:26+00:00\",\"dateModified\":\"2026-01-13T19:20:43+00:00\",\"breadcrumb\":{\"@id\":\"https:\/\/www.clinicaica.com\/tratamiento-care\/#breadcrumb\"},\"inLanguage\":\"en-GB\",\"potentialAction\":[{\"@type\":\"ReadAction\",\"target\":[\"https:\/\/www.clinicaica.com\/tratamiento-care\/\"]}]},{\"@type\":\"BreadcrumbList\",\"@id\":\"https:\/\/www.clinicaica.com\/tratamiento-care\/#breadcrumb\",\"itemListElement\":[{\"@type\":\"ListItem\",\"position\":1,\"name\":\"Portada\",\"item\":\"https:\/\/www.clinicaica.com\/\"},{\"@type\":\"ListItem\",\"position\":2,\"name\":\"Pack acn\u00e9\"}]},{\"@type\":\"WebSite\",\"@id\":\"https:\/\/www.clinicaica.com\/#website\",\"url\":\"https:\/\/www.clinicaica.com\/\",\"name\":\"Instituto de Cirug\u00eda Avanzada\",\"description\":\"Medicina Est\u00e9tica en Tenerife y La Palma\",\"publisher\":{\"@id\":\"https:\/\/www.clinicaica.com\/#organization\"},\"alternateName\":\"ICA\",\"potentialAction\":[{\"@type\":\"SearchAction\",\"target\":{\"@type\":\"EntryPoint\",\"urlTemplate\":\"https:\/\/www.clinicaica.com\/?s={search_term_string}\"},\"query-input\":{\"@type\":\"PropertyValueSpecification\",\"valueRequired\":true,\"valueName\":\"search_term_string\"}}],\"inLanguage\":\"en-GB\"},{\"@type\":\"Organization\",\"@id\":\"https:\/\/www.clinicaica.com\/#organization\",\"name\":\"Cl\u00ednicas Est\u00e9ticas en Canarias\",\"alternateName\":\"Cl\u00ednica ICA\",\"url\":\"https:\/\/www.clinicaica.com\/\",\"logo\":{\"@type\":\"ImageObject\",\"inLanguage\":\"en-GB\",\"@id\":\"https:\/\/www.clinicaica.com\/#\/schema\/logo\/image\/\",\"url\":\"https:\/\/www.clinicaica.com\/wp-content\/uploads\/2021\/01\/instituto-cirugia-avanzada-ica.png\",\"contentUrl\":\"https:\/\/www.clinicaica.com\/wp-content\/uploads\/2021\/01\/instituto-cirugia-avanzada-ica.png\",\"width\":216,\"height\":90,\"caption\":\"Cl\u00ednicas Est\u00e9ticas en Canarias\"},\"image\":{\"@id\":\"https:\/\/www.clinicaica.com\/#\/schema\/logo\/image\/\"},\"sameAs\":[\"https:\/\/www.facebook.com\/icaestetica\/\",\"https:\/\/www.instagram.com\/clinicaica_\/\"]}]}<\/script>\n<!-- \/ Yoast SEO Premium plugin. -->","yoast_head_json":{"title":"Pack acn\u00e9 - Instituto de Cirug\u00eda Avanzada","robots":{"index":"index","follow":"follow","max-snippet":"max-snippet:-1","max-image-preview":"max-image-preview:large","max-video-preview":"max-video-preview:-1"},"canonical":"https:\/\/www.clinicaica.com\/en\/tratamiento-care\/","og_locale":"en_GB","og_type":"article","og_title":"Pack acn\u00e9 - Instituto de Cirug\u00eda Avanzada","og_description":"Pack acn\u00e9 Detener la formaci\u00f3n de nuevas lesiones, acelerar la curaci\u00f3n de lesiones existentes y prevenir las cicatrices.ELIOSAN PLUS 30 comprimidos Este tratamiento ayuda a mejorar la salud y el aspecto de la piel desde dentro. Est\u00e1 indicado en casos de afecciones de la piel ya que reduce la inflamaci\u00f3n y favorece la regeneraci\u00f3n celular, [&hellip;]","og_url":"https:\/\/www.clinicaica.com\/en\/tratamiento-care\/","og_site_name":"Instituto de Cirug\u00eda Avanzada","article_publisher":"https:\/\/www.facebook.com\/icaestetica\/","article_modified_time":"2026-01-13T19:20:43+00:00","og_image":[{"width":216,"height":90,"url":"https:\/\/www.clinicaica.com\/wp-content\/uploads\/2021\/01\/instituto-cirugia-avanzada-ica.png","type":"image\/png"}],"twitter_card":"summary_large_image","schema":{"@context":"https:\/\/schema.org","@graph":[{"@type":"WebPage","@id":"https:\/\/www.clinicaica.com\/tratamiento-care\/","url":"https:\/\/www.clinicaica.com\/tratamiento-care\/","name":"Pack acn\u00e9 - Instituto de Cirug\u00eda Avanzada","isPartOf":{"@id":"https:\/\/www.clinicaica.com\/#website"},"datePublished":"2025-10-16T23:10:26+00:00","dateModified":"2026-01-13T19:20:43+00:00","breadcrumb":{"@id":"https:\/\/www.clinicaica.com\/tratamiento-care\/#breadcrumb"},"inLanguage":"en-GB","potentialAction":[{"@type":"ReadAction","target":["https:\/\/www.clinicaica.com\/tratamiento-care\/"]}]},{"@type":"BreadcrumbList","@id":"https:\/\/www.clinicaica.com\/tratamiento-care\/#breadcrumb","itemListElement":[{"@type":"ListItem","position":1,"name":"Portada","item":"https:\/\/www.clinicaica.com\/"},{"@type":"ListItem","position":2,"name":"Pack acn\u00e9"}]},{"@type":"WebSite","@id":"https:\/\/www.clinicaica.com\/#website","url":"https:\/\/www.clinicaica.com\/","name":"Institute of Advanced Surgery","description":"Medicina Est\u00e9tica en Tenerife y La Palma","publisher":{"@id":"https:\/\/www.clinicaica.com\/#organization"},"alternateName":"ICA","potentialAction":[{"@type":"SearchAction","target":{"@type":"EntryPoint","urlTemplate":"https:\/\/www.clinicaica.com\/?s={search_term_string}"},"query-input":{"@type":"PropertyValueSpecification","valueRequired":true,"valueName":"search_term_string"}}],"inLanguage":"en-GB"},{"@type":"Organization","@id":"https:\/\/www.clinicaica.com\/#organization","name":"Aesthetic Clinics in the Canary Islands","alternateName":"Cl\u00ednica ICA","url":"https:\/\/www.clinicaica.com\/","logo":{"@type":"ImageObject","inLanguage":"en-GB","@id":"https:\/\/www.clinicaica.com\/#\/schema\/logo\/image\/","url":"https:\/\/www.clinicaica.com\/wp-content\/uploads\/2021\/01\/instituto-cirugia-avanzada-ica.png","contentUrl":"https:\/\/www.clinicaica.com\/wp-content\/uploads\/2021\/01\/instituto-cirugia-avanzada-ica.png","width":216,"height":90,"caption":"Cl\u00ednicas Est\u00e9ticas en Canarias"},"image":{"@id":"https:\/\/www.clinicaica.com\/#\/schema\/logo\/image\/"},"sameAs":["https:\/\/www.facebook.com\/icaestetica\/","https:\/\/www.instagram.com\/clinicaica_\/"]}]}},"_links":{"self":[{"href":"https:\/\/www.clinicaica.com\/en\/wp-json\/wp\/v2\/pages\/6544","targetHints":{"allow":["GET"]}}],"collection":[{"href":"https:\/\/www.clinicaica.com\/en\/wp-json\/wp\/v2\/pages"}],"about":[{"href":"https:\/\/www.clinicaica.com\/en\/wp-json\/wp\/v2\/types\/page"}],"author":[{"embeddable":true,"href":"https:\/\/www.clinicaica.com\/en\/wp-json\/wp\/v2\/users\/13"}],"replies":[{"embeddable":true,"href":"https:\/\/www.clinicaica.com\/en\/wp-json\/wp\/v2\/comments?post=6544"}],"version-history":[{"count":0,"href":"https:\/\/www.clinicaica.com\/en\/wp-json\/wp\/v2\/pages\/6544\/revisions"}],"wp:attachment":[{"href":"https:\/\/www.clinicaica.com\/en\/wp-json\/wp\/v2\/media?parent=6544"}],"curies":[{"name":"wp","href":"https:\/\/api.w.org\/{rel}","templated":true}]}}