{"id":6546,"date":"2025-10-17T00:11:09","date_gmt":"2025-10-16T23:11:09","guid":{"rendered":"https:\/\/www.clinicaica.com\/?page_id=6546"},"modified":"2026-04-08T12:40:05","modified_gmt":"2026-04-08T11:40:05","slug":"ica-recovery-en-tenerife","status":"publish","type":"page","link":"https:\/\/www.clinicaica.com\/en\/ica-recovery-en-tenerife\/","title":{"rendered":"Pack Botox en Tenerife"},"content":{"rendered":"<p>[et_pb_section fb_built=\u00bb1&#8243; admin_label=\u00bbsection\u00bb _builder_version=\u00bb4.16&#8243; da_disable_devices=\u00bboff|off|off\u00bb global_colors_info=\u00bb{}\u00bb theme_builder_area=\u00bbpost_content\u00bb da_is_popup=\u00bboff\u00bb da_exit_intent=\u00bboff\u00bb da_has_close=\u00bbon\u00bb da_alt_close=\u00bboff\u00bb da_dark_close=\u00bboff\u00bb da_not_modal=\u00bbon\u00bb da_is_singular=\u00bboff\u00bb da_with_loader=\u00bboff\u00bb da_has_shadow=\u00bbon\u00bb][et_pb_row admin_label=\u00bbrow\u00bb _builder_version=\u00bb4.16&#8243; background_size=\u00bbinitial\u00bb background_position=\u00bbtop_left\u00bb background_repeat=\u00bbrepeat\u00bb global_colors_info=\u00bb{}\u00bb theme_builder_area=\u00bbpost_content\u00bb][et_pb_column type=\u00bb4_4&#8243; _builder_version=\u00bb4.16&#8243; custom_padding=\u00bb|||\u00bb global_colors_info=\u00bb{}\u00bb custom_padding__hover=\u00bb|||\u00bb theme_builder_area=\u00bbpost_content\u00bb][et_pb_text admin_label=\u00bbText\u00bb _builder_version=\u00bb4.16&#8243; background_size=\u00bbinitial\u00bb background_position=\u00bbtop_left\u00bb background_repeat=\u00bbrepeat\u00bb global_colors_info=\u00bb{}\u00bb theme_builder_area=\u00bbpost_content\u00bb][\/et_pb_text][\/et_pb_column][\/et_pb_row][\/et_pb_section][et_pb_section fb_built=\u00bb1&#8243; custom_padding_last_edited=\u00bbon|phone\u00bb _builder_version=\u00bb4.27.5&#8243; _module_preset=\u00bbdefault\u00bb background_color=\u00bbrgba(205,160,82,0.63)\u00bb background_image=\u00bbhttps:\/\/www.clinicaica.com\/wp-content\/uploads\/2021\/02\/1.jpg\u00bb background_blend=\u00bblighten\u00bb custom_padding=\u00bb10%||10%||true|false\u00bb custom_padding_tablet=\u00bb10%||10%||true|false\u00bb custom_padding_phone=\u00bb10%||10%||true|false\u00bb hover_enabled=\u00bb0&#8243; da_disable_devices=\u00bboff|off|off\u00bb global_colors_info=\u00bb{}\u00bb theme_builder_area=\u00bbpost_content\u00bb alt=\u00bb\u00bfAlguna arruguilla que desees quitar? Ven a hacerte el b\u00f3tox al Instituto de Cirug\u00eda Avanzada de Canarias\u00bb title_text=\u00bb\u00bfAlguna arruguilla que desees quitar? Ven a hacerte el b\u00f3tox al Instituto de Cirug\u00eda Avanzada de Canarias\u00bb sticky_enabled=\u00bb0&#8243; da_is_popup=\u00bboff\u00bb da_exit_intent=\u00bboff\u00bb da_has_close=\u00bbon\u00bb da_alt_close=\u00bboff\u00bb da_dark_close=\u00bboff\u00bb da_not_modal=\u00bbon\u00bb da_is_singular=\u00bboff\u00bb da_with_loader=\u00bboff\u00bb da_has_shadow=\u00bbon\u00bb][et_pb_row _builder_version=\u00bb4.27.4&#8243; _module_preset=\u00bbdefault\u00bb global_colors_info=\u00bb{}\u00bb theme_builder_area=\u00bbpost_content\u00bb][et_pb_column type=\u00bb4_4&#8243; _builder_version=\u00bb4.27.4&#8243; _module_preset=\u00bbdefault\u00bb global_colors_info=\u00bb{}\u00bb theme_builder_area=\u00bbpost_content\u00bb][et_pb_text _builder_version=\u00bb4.27.5&#8243; _module_preset=\u00bbdefault\u00bb text_text_color=\u00bb#424543&#8243; header_font=\u00bb|700|||||||\u00bb header_text_color=\u00bb#545454&#8243; header_font_size=\u00bb50px\u00bb header_2_font=\u00bb&#8211;et_global_body_font|300|||||||\u00bb header_2_text_align=\u00bbcenter\u00bb header_2_text_color=\u00bb#545454&#8243; header_2_font_size=\u00bb20px\u00bb hover_enabled=\u00bb0&#8243; header_font_size_tablet=\u00bb50px\u00bb header_font_size_phone=\u00bb45px\u00bb header_font_size_last_edited=\u00bbon|phone\u00bb header_2_font_size_tablet=\u00bb20px\u00bb header_2_font_size_phone=\u00bb17px\u00bb header_2_font_size_last_edited=\u00bbon|phone\u00bb global_colors_info=\u00bb{}\u00bb theme_builder_area=\u00bbpost_content\u00bb sticky_enabled=\u00bb0&#8243;]<\/p>\n<h1 style=\"text-align: center;\">Pack botox<\/h1>\n<h2>Apoya funci\u00f3n neuro muscular, mejora la calidad de la piel<\/h2>\n<p>[\/et_pb_text][\/et_pb_column][\/et_pb_row][\/et_pb_section][et_pb_section fb_built=\u00bb1&#8243; _builder_version=\u00bb4.27.4&#8243; _module_preset=\u00bbdefault\u00bb da_disable_devices=\u00bboff|off|off\u00bb global_colors_info=\u00bb{}\u00bb theme_builder_area=\u00bbpost_content\u00bb da_is_popup=\u00bboff\u00bb da_exit_intent=\u00bboff\u00bb da_has_close=\u00bbon\u00bb da_alt_close=\u00bboff\u00bb da_dark_close=\u00bboff\u00bb da_not_modal=\u00bbon\u00bb da_is_singular=\u00bboff\u00bb da_with_loader=\u00bboff\u00bb da_has_shadow=\u00bbon\u00bb][et_pb_row column_structure=\u00bb1_2,1_2&#8243; make_equal=\u00bbon\u00bb _builder_version=\u00bb4.27.5&#8243; _module_preset=\u00bbdefault\u00bb custom_padding=\u00bb||||true|true\u00bb hover_enabled=\u00bb0&#8243; global_colors_info=\u00bb{}\u00bb theme_builder_area=\u00bbpost_content\u00bb sticky_enabled=\u00bb0&#8243;][et_pb_column type=\u00bb1_2&#8243; _builder_version=\u00bb4.27.4&#8243; _module_preset=\u00bbdefault\u00bb background_color=\u00bb#edd5b8&#8243; custom_padding=\u00bb10px|15px|10px|15px|true|true\u00bb global_colors_info=\u00bb{}\u00bb theme_builder_area=\u00bbpost_content\u00bb][et_pb_image src=\u00bbhttps:\/\/www.clinicaica.com\/wp-content\/uploads\/2026\/01\/Eliosan-Plus.png\u00bb title_text=\u00bbEliosan Plus\u00bb _builder_version=\u00bb4.27.5&#8243; _module_preset=\u00bbdefault\u00bb width=\u00bb75%\u00bb width_tablet=\u00bb60%\u00bb width_phone=\u00bb60%\u00bb width_last_edited=\u00bbon|phone\u00bb module_alignment=\u00bbcenter\u00bb global_colors_info=\u00bb{}\u00bb theme_builder_area=\u00bbpost_content\u00bb][\/et_pb_image][et_pb_text _builder_version=\u00bb4.27.5&#8243; _module_preset=\u00bbdefault\u00bb header_3_font=\u00bb|700|||||||\u00bb global_colors_info=\u00bb{}\u00bb theme_builder_area=\u00bbpost_content\u00bb]<\/p>\n<h3 style=\"text-align: justify;\">ELIOSAN PLUS 30 comprimidos<\/h3>\n<p class=\"p1\">Este tratamiento ayuda a mejorar la <strong>salud<\/strong> y el aspecto de la <strong>piel<\/strong> desde dentro.<\/p>\n<p class=\"p1\">Est\u00e1 indicado en casos de afecciones de la piel ya que reduce la inflamaci\u00f3n y favorece la regeneraci\u00f3n celular, ayudando a que la piel se recupere y luzca m\u00e1s uniforme.<\/p>\n<p class=\"p1\">Aporta antioxidantes y nutrientes esenciales para una piel m\u00e1s sana y equilibrada.<\/p>\n<p class=\"p1\"><em><strong>Dosis:<\/strong> Tomar 2 comprimidos al d\u00eda preferentemente fuera de las comidas<\/em><\/p>\n<p>[\/et_pb_text][\/et_pb_column][et_pb_column type=\u00bb1_2&#8243; _builder_version=\u00bb4.27.4&#8243; _module_preset=\u00bbdefault\u00bb background_color=\u00bb#edd5b8&#8243; custom_padding=\u00bb10px|15px|10px|15px|true|true\u00bb global_colors_info=\u00bb{}\u00bb theme_builder_area=\u00bbpost_content\u00bb][et_pb_image src=\u00bbhttps:\/\/www.clinicaica.com\/wp-content\/uploads\/2026\/01\/Bisglicinato.png\u00bb title_text=\u00bbBisglicinato\u00bb _builder_version=\u00bb4.27.5&#8243; _module_preset=\u00bbdefault\u00bb width=\u00bb75%\u00bb width_tablet=\u00bb60%\u00bb width_phone=\u00bb60%\u00bb width_last_edited=\u00bbon|phone\u00bb module_alignment=\u00bbcenter\u00bb hover_enabled=\u00bb0&#8243; global_colors_info=\u00bb{}\u00bb theme_builder_area=\u00bbpost_content\u00bb sticky_enabled=\u00bb0&#8243;][\/et_pb_image][et_pb_text _builder_version=\u00bb4.27.5&#8243; _module_preset=\u00bbdefault\u00bb header_3_font=\u00bb|700|||||||\u00bb hover_enabled=\u00bb0&#8243; global_colors_info=\u00bb{}\u00bb theme_builder_area=\u00bbpost_content\u00bb sticky_enabled=\u00bb0&#8243;]<\/p>\n<h3 style=\"text-align: justify;\">Bisglicinato Mg. 60 comprimidos<\/h3>\n<p class=\"p1\">Tratamiento dise\u00f1ado para <strong>potenciar<\/strong> y mantener los <strong>resultados<\/strong> tras la <strong>aplicaci\u00f3n de b\u00f3tox<\/strong>.<\/p>\n<p class=\"p1\">Ayuda a fortalecer los tejidos, mejorar la circulaci\u00f3n y oxigenaci\u00f3n de la piel, y favorecer la <strong>regeneraci\u00f3n celular<\/strong>, contribuyendo a un aspecto m\u00e1s firme y luminoso.<\/p>\n<p class=\"p1\"><em><strong>Dosis:<\/strong> Tomar 2 c\u00e1psulas al d\u00eda con medio vaso de agua<\/em><\/p>\n<p>[\/et_pb_text][\/et_pb_column][\/et_pb_row][et_pb_row column_structure=\u00bb1_2,1_2&#8243; make_equal=\u00bbon\u00bb _builder_version=\u00bb4.27.4&#8243; _module_preset=\u00bbdefault\u00bb custom_padding=\u00bb||||true|true\u00bb global_colors_info=\u00bb{}\u00bb theme_builder_area=\u00bbpost_content\u00bb][et_pb_column type=\u00bb1_2&#8243; _builder_version=\u00bb4.27.4&#8243; _module_preset=\u00bbdefault\u00bb background_color=\u00bb#edd5b8&#8243; custom_padding=\u00bb10px|15px|10px|15px|true|true\u00bb global_colors_info=\u00bb{}\u00bb theme_builder_area=\u00bbpost_content\u00bb][et_pb_image src=\u00bbhttps:\/\/www.clinicaica.com\/wp-content\/uploads\/2026\/01\/Zinc.png\u00bb title_text=\u00bbZinc\u00bb _builder_version=\u00bb4.27.5&#8243; _module_preset=\u00bbdefault\u00bb width=\u00bb75%\u00bb width_tablet=\u00bb60%\u00bb width_phone=\u00bb60%\u00bb width_last_edited=\u00bbon|phone\u00bb module_alignment=\u00bbcenter\u00bb hover_enabled=\u00bb0&#8243; global_colors_info=\u00bb{}\u00bb theme_builder_area=\u00bbpost_content\u00bb sticky_enabled=\u00bb0&#8243;][\/et_pb_image][et_pb_text _builder_version=\u00bb4.27.5&#8243; _module_preset=\u00bbdefault\u00bb header_3_font=\u00bb|700|||||||\u00bb hover_enabled=\u00bb0&#8243; global_colors_info=\u00bb{}\u00bb theme_builder_area=\u00bbpost_content\u00bb sticky_enabled=\u00bb0&#8243;]<\/p>\n<h3 style=\"text-align: justify;\">Zinc 90 c\u00e1psulas<\/h3>\n<p class=\"p1\">Refuerza el sistema inmunitario y acelera los procesos de regeneraci\u00f3n, contribuye a la formaci\u00f3n de col\u00e1geno, mejora la elasticidad y firmeza cut\u00e1nea, y protege los tejidos frente al envejecimiento prematuro gracias a su acci\u00f3n antioxidante.<\/p>\n<p class=\"p1\">Adem\u00e1s, ayuda a mantener la piel hidratada, luminosa y saludable, prolongando los efectos del b\u00f3tox y mejorando la calidad global del tejido facial.<\/p>\n<p class=\"p1\"><em><strong>Dosis:<\/strong> Tomar 1 c\u00e1psula al d\u00eda con medio vaso de agua<\/em><\/p>\n<p>[\/et_pb_text][\/et_pb_column][et_pb_column type=\u00bb1_2&#8243; _builder_version=\u00bb4.27.4&#8243; _module_preset=\u00bbdefault\u00bb background_color=\u00bb#edd5b8&#8243; custom_padding=\u00bb10px|15px|10px|15px|true|true\u00bb global_colors_info=\u00bb{}\u00bb theme_builder_area=\u00bbpost_content\u00bb][et_pb_image src=\u00bbhttps:\/\/www.clinicaica.com\/wp-content\/uploads\/2026\/01\/Rose-Hips-Mederi.png\u00bb title_text=\u00bbRose Hips Me\u0301deri\u00bb _builder_version=\u00bb4.27.5&#8243; _module_preset=\u00bbdefault\u00bb width=\u00bb75%\u00bb width_tablet=\u00bb60%\u00bb width_phone=\u00bb60%\u00bb width_last_edited=\u00bbon|phone\u00bb module_alignment=\u00bbcenter\u00bb hover_enabled=\u00bb0&#8243; global_colors_info=\u00bb{}\u00bb theme_builder_area=\u00bbpost_content\u00bb sticky_enabled=\u00bb0&#8243;][\/et_pb_image][et_pb_text _builder_version=\u00bb4.27.5&#8243; _module_preset=\u00bbdefault\u00bb header_3_font=\u00bb|700|||||||\u00bb hover_enabled=\u00bb0&#8243; global_colors_info=\u00bb{}\u00bb theme_builder_area=\u00bbpost_content\u00bb sticky_enabled=\u00bb0&#8243;]<\/p>\n<h3 style=\"text-align: justify;\">Rose Hips 100 comprimidos<\/h3>\n<p class=\"p1\">Refuerza el sistema inmunitario y favorece la recuperaci\u00f3n del organismo, el envejecimiento prematuro, mejora la movilidad articular y protege los tejidos conectivos.<\/p>\n<p class=\"p1\">Asimismo, favorece la absorci\u00f3n del hierro, contribuyendo al equilibrio y bienestar general del cuerpo.<\/p>\n<p class=\"p1\"><em><strong>Dosis:<\/strong> Tomar 2 c\u00e1psulas al d\u00eda con medio vaso de agua<\/em><\/p>\n<p>[\/et_pb_text][\/et_pb_column][\/et_pb_row][et_pb_row column_structure=\u00bb1_2,1_2&#8243; make_equal=\u00bbon\u00bb _builder_version=\u00bb4.27.5&#8243; _module_preset=\u00bbdefault\u00bb custom_padding=\u00bb||||true|true\u00bb global_colors_info=\u00bb{}\u00bb theme_builder_area=\u00bbpost_content\u00bb][et_pb_column type=\u00bb1_2&#8243; _builder_version=\u00bb4.27.4&#8243; _module_preset=\u00bbdefault\u00bb background_color=\u00bb#edd5b8&#8243; custom_padding=\u00bb10px|15px|10px|15px|true|true\u00bb global_colors_info=\u00bb{}\u00bb theme_builder_area=\u00bbpost_content\u00bb][et_pb_text _builder_version=\u00bb4.27.5&#8243; _module_preset=\u00bbdefault\u00bb text_font=\u00bb|700||on|||||\u00bb text_font_size=\u00bb25px\u00bb text_orientation=\u00bbcenter\u00bb hover_enabled=\u00bb0&#8243; global_colors_info=\u00bb{}\u00bb theme_builder_area=\u00bbpost_content\u00bb sticky_enabled=\u00bb0&#8243;]<\/p>\n<p>Cuidado en casa<\/p>\n<p>[\/et_pb_text][et_pb_image src=\u00bbhttps:\/\/www.clinicaica.com\/wp-content\/uploads\/2026\/01\/DMAE-Lift-Kosei.png\u00bb title_text=\u00bbDMAE Lift Kosei\u00bb _builder_version=\u00bb4.27.5&#8243; _module_preset=\u00bbdefault\u00bb width=\u00bb75%\u00bb width_tablet=\u00bb60%\u00bb width_phone=\u00bb60%\u00bb width_last_edited=\u00bbon|phone\u00bb module_alignment=\u00bbcenter\u00bb hover_enabled=\u00bb0&#8243; global_colors_info=\u00bb{}\u00bb theme_builder_area=\u00bbpost_content\u00bb sticky_enabled=\u00bb0&#8243;][\/et_pb_image][\/et_pb_column][et_pb_column type=\u00bb1_2&#8243; _builder_version=\u00bb4.27.5&#8243; _module_preset=\u00bbdefault\u00bb background_color=\u00bbRGBA(255,255,255,0)\u00bb custom_padding=\u00bb10px|15px|10px|15px|true|true\u00bb global_colors_info=\u00bb{}\u00bb theme_builder_area=\u00bbpost_content\u00bb][et_pb_text _builder_version=\u00bb4.27.5&#8243; _module_preset=\u00bbdefault\u00bb text_font=\u00bb|700||on|||||\u00bb text_font_size=\u00bb25px\u00bb text_orientation=\u00bbcenter\u00bb global_colors_info=\u00bb{}\u00bb theme_builder_area=\u00bbpost_content\u00bb]<\/p>\n<p>A tener en cuenta<\/p>\n<p>[\/et_pb_text][et_pb_text _builder_version=\u00bb4.27.5&#8243; _module_preset=\u00bbdefault\u00bb text_text_color=\u00bb#545454&#8243; text_font_size=\u00bb20px\u00bb background_color=\u00bb#edc983&#8243; text_orientation=\u00bbcenter\u00bb custom_margin=\u00bb-30px||||false|false\u00bb custom_padding=\u00bb10px|10px|10px|10px|true|true\u00bb hover_enabled=\u00bb0&#8243; global_colors_info=\u00bb{}\u00bb theme_builder_area=\u00bbpost_content\u00bb sticky_enabled=\u00bb0&#8243;]<\/p>\n<p class=\"p1\">Se recomienda iniciar el tratamiento oral con una semana de antelaci\u00f3n y mantenerlo durante al menos 1 mes despu\u00e9s del procedimiento. Este protocolo permite optimizar los resultados y garantizar una piel visiblemente m\u00e1s saludable, equilibrada y con un acabado impecable.<\/p>\n<p>[\/et_pb_text][\/et_pb_column][\/et_pb_row][\/et_pb_section]<\/p>\n","protected":false},"excerpt":{"rendered":"<p>Pack botox Apoya funci\u00f3n neuro muscular, mejora la calidad de la pielELIOSAN PLUS 30 comprimidos Este tratamiento ayuda a mejorar la salud y el aspecto de la piel desde dentro. Est\u00e1 indicado en casos de afecciones de la piel ya que reduce la inflamaci\u00f3n y favorece la regeneraci\u00f3n celular, ayudando a que la piel se [&hellip;]<\/p>\n","protected":false},"author":13,"featured_media":0,"parent":0,"menu_order":0,"comment_status":"closed","ping_status":"closed","template":"","meta":{"_et_pb_use_builder":"on","_et_pb_old_content":"","_et_gb_content_width":"","_sitemap_exclude":false,"_sitemap_priority":"","_sitemap_frequency":"","_mbp_gutenberg_autopost":false,"_joinchat":[],"footnotes":""},"class_list":["post-6546","page","type-page","status-publish","hentry"],"yoast_head":"<!-- This site is optimized with the Yoast SEO Premium plugin v21.8 (Yoast SEO v27.3) - https:\/\/yoast.com\/product\/yoast-seo-premium-wordpress\/ -->\n<title>Pack Botox en Tenerife - Instituto de Cirug\u00eda Avanzada<\/title>\n<meta name=\"robots\" content=\"index, follow, max-snippet:-1, max-image-preview:large, max-video-preview:-1\" \/>\n<link rel=\"canonical\" href=\"https:\/\/www.clinicaica.com\/en\/ica-recovery-en-tenerife\/\" \/>\n<meta property=\"og:locale\" content=\"en_GB\" \/>\n<meta property=\"og:type\" content=\"article\" \/>\n<meta property=\"og:title\" content=\"Pack Botox en Tenerife - Instituto de Cirug\u00eda Avanzada\" \/>\n<meta property=\"og:description\" content=\"Pack botox Apoya funci\u00f3n neuro muscular, mejora la calidad de la pielELIOSAN PLUS 30 comprimidos Este tratamiento ayuda a mejorar la salud y el aspecto de la piel desde dentro. Est\u00e1 indicado en casos de afecciones de la piel ya que reduce la inflamaci\u00f3n y favorece la regeneraci\u00f3n celular, ayudando a que la piel se [&hellip;]\" \/>\n<meta property=\"og:url\" content=\"https:\/\/www.clinicaica.com\/en\/ica-recovery-en-tenerife\/\" \/>\n<meta property=\"og:site_name\" content=\"Instituto de Cirug\u00eda Avanzada\" \/>\n<meta property=\"article:publisher\" content=\"https:\/\/www.facebook.com\/icaestetica\/\" \/>\n<meta property=\"article:modified_time\" content=\"2026-04-08T11:40:05+00:00\" \/>\n<meta property=\"og:image\" content=\"https:\/\/www.clinicaica.com\/wp-content\/uploads\/2021\/01\/instituto-cirugia-avanzada-ica.png\" \/>\n\t<meta property=\"og:image:width\" content=\"216\" \/>\n\t<meta property=\"og:image:height\" content=\"90\" \/>\n\t<meta property=\"og:image:type\" content=\"image\/png\" \/>\n<meta name=\"twitter:card\" content=\"summary_large_image\" \/>\n<script type=\"application\/ld+json\" class=\"yoast-schema-graph\">{\"@context\":\"https:\\\/\\\/schema.org\",\"@graph\":[{\"@type\":\"WebPage\",\"@id\":\"https:\\\/\\\/www.clinicaica.com\\\/ica-recovery-en-tenerife\\\/\",\"url\":\"https:\\\/\\\/www.clinicaica.com\\\/ica-recovery-en-tenerife\\\/\",\"name\":\"Pack Botox en Tenerife - Instituto de Cirug\u00eda Avanzada\",\"isPartOf\":{\"@id\":\"https:\\\/\\\/www.clinicaica.com\\\/#website\"},\"datePublished\":\"2025-10-16T23:11:09+00:00\",\"dateModified\":\"2026-04-08T11:40:05+00:00\",\"breadcrumb\":{\"@id\":\"https:\\\/\\\/www.clinicaica.com\\\/ica-recovery-en-tenerife\\\/#breadcrumb\"},\"inLanguage\":\"en-GB\",\"potentialAction\":[{\"@type\":\"ReadAction\",\"target\":[\"https:\\\/\\\/www.clinicaica.com\\\/ica-recovery-en-tenerife\\\/\"]}]},{\"@type\":\"BreadcrumbList\",\"@id\":\"https:\\\/\\\/www.clinicaica.com\\\/ica-recovery-en-tenerife\\\/#breadcrumb\",\"itemListElement\":[{\"@type\":\"ListItem\",\"position\":1,\"name\":\"Portada\",\"item\":\"https:\\\/\\\/www.clinicaica.com\\\/\"},{\"@type\":\"ListItem\",\"position\":2,\"name\":\"Pack Botox en Tenerife\"}]},{\"@type\":\"WebSite\",\"@id\":\"https:\\\/\\\/www.clinicaica.com\\\/#website\",\"url\":\"https:\\\/\\\/www.clinicaica.com\\\/\",\"name\":\"Instituto de Cirug\u00eda Avanzada\",\"description\":\"Medicina Est\u00e9tica en Tenerife y La Palma\",\"publisher\":{\"@id\":\"https:\\\/\\\/www.clinicaica.com\\\/#organization\"},\"alternateName\":\"ICA\",\"potentialAction\":[{\"@type\":\"SearchAction\",\"target\":{\"@type\":\"EntryPoint\",\"urlTemplate\":\"https:\\\/\\\/www.clinicaica.com\\\/?s={search_term_string}\"},\"query-input\":{\"@type\":\"PropertyValueSpecification\",\"valueRequired\":true,\"valueName\":\"search_term_string\"}}],\"inLanguage\":\"en-GB\"},{\"@type\":\"Organization\",\"@id\":\"https:\\\/\\\/www.clinicaica.com\\\/#organization\",\"name\":\"Cl\u00ednicas Est\u00e9ticas en Canarias\",\"alternateName\":\"Cl\u00ednica ICA\",\"url\":\"https:\\\/\\\/www.clinicaica.com\\\/\",\"logo\":{\"@type\":\"ImageObject\",\"inLanguage\":\"en-GB\",\"@id\":\"https:\\\/\\\/www.clinicaica.com\\\/#\\\/schema\\\/logo\\\/image\\\/\",\"url\":\"https:\\\/\\\/www.clinicaica.com\\\/wp-content\\\/uploads\\\/2021\\\/01\\\/instituto-cirugia-avanzada-ica.png\",\"contentUrl\":\"https:\\\/\\\/www.clinicaica.com\\\/wp-content\\\/uploads\\\/2021\\\/01\\\/instituto-cirugia-avanzada-ica.png\",\"width\":216,\"height\":90,\"caption\":\"Cl\u00ednicas Est\u00e9ticas en Canarias\"},\"image\":{\"@id\":\"https:\\\/\\\/www.clinicaica.com\\\/#\\\/schema\\\/logo\\\/image\\\/\"},\"sameAs\":[\"https:\\\/\\\/www.facebook.com\\\/icaestetica\\\/\",\"https:\\\/\\\/www.instagram.com\\\/clinicaica_\\\/\"]}]}<\/script>\n<!-- \/ Yoast SEO Premium plugin. -->","yoast_head_json":{"title":"Pack Botox en Tenerife - Instituto de Cirug\u00eda Avanzada","robots":{"index":"index","follow":"follow","max-snippet":"max-snippet:-1","max-image-preview":"max-image-preview:large","max-video-preview":"max-video-preview:-1"},"canonical":"https:\/\/www.clinicaica.com\/en\/ica-recovery-en-tenerife\/","og_locale":"en_GB","og_type":"article","og_title":"Pack Botox en Tenerife - Instituto de Cirug\u00eda Avanzada","og_description":"Pack botox Apoya funci\u00f3n neuro muscular, mejora la calidad de la pielELIOSAN PLUS 30 comprimidos Este tratamiento ayuda a mejorar la salud y el aspecto de la piel desde dentro. Est\u00e1 indicado en casos de afecciones de la piel ya que reduce la inflamaci\u00f3n y favorece la regeneraci\u00f3n celular, ayudando a que la piel se [&hellip;]","og_url":"https:\/\/www.clinicaica.com\/en\/ica-recovery-en-tenerife\/","og_site_name":"Instituto de Cirug\u00eda Avanzada","article_publisher":"https:\/\/www.facebook.com\/icaestetica\/","article_modified_time":"2026-04-08T11:40:05+00:00","og_image":[{"width":216,"height":90,"url":"https:\/\/www.clinicaica.com\/wp-content\/uploads\/2021\/01\/instituto-cirugia-avanzada-ica.png","type":"image\/png"}],"twitter_card":"summary_large_image","schema":{"@context":"https:\/\/schema.org","@graph":[{"@type":"WebPage","@id":"https:\/\/www.clinicaica.com\/ica-recovery-en-tenerife\/","url":"https:\/\/www.clinicaica.com\/ica-recovery-en-tenerife\/","name":"Pack Botox en Tenerife - Instituto de Cirug\u00eda Avanzada","isPartOf":{"@id":"https:\/\/www.clinicaica.com\/#website"},"datePublished":"2025-10-16T23:11:09+00:00","dateModified":"2026-04-08T11:40:05+00:00","breadcrumb":{"@id":"https:\/\/www.clinicaica.com\/ica-recovery-en-tenerife\/#breadcrumb"},"inLanguage":"en-GB","potentialAction":[{"@type":"ReadAction","target":["https:\/\/www.clinicaica.com\/ica-recovery-en-tenerife\/"]}]},{"@type":"BreadcrumbList","@id":"https:\/\/www.clinicaica.com\/ica-recovery-en-tenerife\/#breadcrumb","itemListElement":[{"@type":"ListItem","position":1,"name":"Portada","item":"https:\/\/www.clinicaica.com\/"},{"@type":"ListItem","position":2,"name":"Pack Botox en Tenerife"}]},{"@type":"WebSite","@id":"https:\/\/www.clinicaica.com\/#website","url":"https:\/\/www.clinicaica.com\/","name":"Institute of Advanced Surgery","description":"Medicina Est\u00e9tica en Tenerife y La Palma","publisher":{"@id":"https:\/\/www.clinicaica.com\/#organization"},"alternateName":"ICA","potentialAction":[{"@type":"SearchAction","target":{"@type":"EntryPoint","urlTemplate":"https:\/\/www.clinicaica.com\/?s={search_term_string}"},"query-input":{"@type":"PropertyValueSpecification","valueRequired":true,"valueName":"search_term_string"}}],"inLanguage":"en-GB"},{"@type":"Organization","@id":"https:\/\/www.clinicaica.com\/#organization","name":"Aesthetic Clinics in the Canary Islands","alternateName":"Cl\u00ednica ICA","url":"https:\/\/www.clinicaica.com\/","logo":{"@type":"ImageObject","inLanguage":"en-GB","@id":"https:\/\/www.clinicaica.com\/#\/schema\/logo\/image\/","url":"https:\/\/www.clinicaica.com\/wp-content\/uploads\/2021\/01\/instituto-cirugia-avanzada-ica.png","contentUrl":"https:\/\/www.clinicaica.com\/wp-content\/uploads\/2021\/01\/instituto-cirugia-avanzada-ica.png","width":216,"height":90,"caption":"Cl\u00ednicas Est\u00e9ticas en Canarias"},"image":{"@id":"https:\/\/www.clinicaica.com\/#\/schema\/logo\/image\/"},"sameAs":["https:\/\/www.facebook.com\/icaestetica\/","https:\/\/www.instagram.com\/clinicaica_\/"]}]}},"_links":{"self":[{"href":"https:\/\/www.clinicaica.com\/en\/wp-json\/wp\/v2\/pages\/6546","targetHints":{"allow":["GET"]}}],"collection":[{"href":"https:\/\/www.clinicaica.com\/en\/wp-json\/wp\/v2\/pages"}],"about":[{"href":"https:\/\/www.clinicaica.com\/en\/wp-json\/wp\/v2\/types\/page"}],"author":[{"embeddable":true,"href":"https:\/\/www.clinicaica.com\/en\/wp-json\/wp\/v2\/users\/13"}],"replies":[{"embeddable":true,"href":"https:\/\/www.clinicaica.com\/en\/wp-json\/wp\/v2\/comments?post=6546"}],"version-history":[{"count":0,"href":"https:\/\/www.clinicaica.com\/en\/wp-json\/wp\/v2\/pages\/6546\/revisions"}],"wp:attachment":[{"href":"https:\/\/www.clinicaica.com\/en\/wp-json\/wp\/v2\/media?parent=6546"}],"curies":[{"name":"wp","href":"https:\/\/api.w.org\/{rel}","templated":true}]}}