{"id":6678,"date":"2025-11-18T23:04:31","date_gmt":"2025-11-18T22:04:31","guid":{"rendered":"https:\/\/www.clinicaica.com\/?page_id=6678"},"modified":"2026-03-24T21:04:43","modified_gmt":"2026-03-24T20:04:43","slug":"podcast-de-estetica-en-tenerife","status":"publish","type":"page","link":"https:\/\/www.clinicaica.com\/en\/podcast-de-estetica-en-tenerife\/","title":{"rendered":"Podcat de Est\u00e9tica en Tenerife"},"content":{"rendered":"<p>[et_pb_section fb_built=\u00bb1&#8243; _builder_version=\u00bb4.27.4&#8243; _module_preset=\u00bbdefault\u00bb custom_padding=\u00bb0px||0px||true|false\u00bb da_disable_devices=\u00bboff|off|off\u00bb global_colors_info=\u00bb{}\u00bb da_is_popup=\u00bboff\u00bb da_exit_intent=\u00bboff\u00bb da_has_close=\u00bbon\u00bb da_alt_close=\u00bboff\u00bb da_dark_close=\u00bboff\u00bb da_not_modal=\u00bbon\u00bb da_is_singular=\u00bboff\u00bb da_with_loader=\u00bboff\u00bb da_has_shadow=\u00bbon\u00bb][et_pb_row _builder_version=\u00bb4.27.4&#8243; _module_preset=\u00bbdefault\u00bb global_colors_info=\u00bb{}\u00bb][et_pb_column type=\u00bb4_4&#8243; _builder_version=\u00bb4.27.4&#8243; _module_preset=\u00bbdefault\u00bb global_colors_info=\u00bb{}\u00bb][\/et_pb_column][\/et_pb_row][\/et_pb_section][et_pb_section fb_built=\u00bb1&#8243; _builder_version=\u00bb4.27.4&#8243; _module_preset=\u00bbdefault\u00bb background_image=\u00bbhttps:\/\/www.clinicaica.com\/wp-content\/uploads\/2025\/11\/mC3A1s_que_estC3A9tica.jpg\u00bb custom_margin=\u00bb125px||||false|false\u00bb custom_margin_tablet=\u00bb100px||||false|false\u00bb custom_margin_phone=\u00bb50px||||false|false\u00bb custom_margin_last_edited=\u00bbon|phone\u00bb custom_padding=\u00bb22%||22%||true|false\u00bb top_divider_style=\u00bbslant2&#8243; top_divider_color=\u00bb#FFFFFF\u00bb top_divider_height=\u00bb35px\u00bb top_divider_flip=\u00bbvertical\u00bb top_divider_height_tablet=\u00bb35px\u00bb top_divider_height_phone=\u00bb20px\u00bb top_divider_height_last_edited=\u00bbon|phone\u00bb hover_enabled=\u00bb0&#8243; da_disable_devices=\u00bboff|off|off\u00bb global_colors_info=\u00bb{}\u00bb title_text=\u00bbms_que_esttica\u00bb sticky_enabled=\u00bb0&#8243; da_is_popup=\u00bboff\u00bb da_exit_intent=\u00bboff\u00bb da_has_close=\u00bbon\u00bb da_alt_close=\u00bboff\u00bb da_dark_close=\u00bboff\u00bb da_not_modal=\u00bbon\u00bb da_is_singular=\u00bboff\u00bb da_with_loader=\u00bboff\u00bb da_has_shadow=\u00bbon\u00bb][et_pb_row _builder_version=\u00bb4.27.4&#8243; _module_preset=\u00bbdefault\u00bb width=\u00bb100%\u00bb max_width=\u00bb100%\u00bb custom_padding=\u00bb0px||0px||true|false\u00bb global_colors_info=\u00bb{}\u00bb][et_pb_column type=\u00bb4_4&#8243; _builder_version=\u00bb4.27.4&#8243; _module_preset=\u00bbdefault\u00bb global_colors_info=\u00bb{}\u00bb][\/et_pb_column][\/et_pb_row][\/et_pb_section][et_pb_section fb_built=\u00bb1&#8243; _builder_version=\u00bb4.27.4&#8243; _module_preset=\u00bbdefault\u00bb da_disable_devices=\u00bboff|off|off\u00bb global_colors_info=\u00bb{}\u00bb da_is_popup=\u00bboff\u00bb da_exit_intent=\u00bboff\u00bb da_has_close=\u00bbon\u00bb da_alt_close=\u00bboff\u00bb da_dark_close=\u00bboff\u00bb da_not_modal=\u00bbon\u00bb da_is_singular=\u00bboff\u00bb da_with_loader=\u00bboff\u00bb da_has_shadow=\u00bbon\u00bb][et_pb_row _builder_version=\u00bb4.27.4&#8243; _module_preset=\u00bbdefault\u00bb global_colors_info=\u00bb{}\u00bb][et_pb_column type=\u00bb4_4&#8243; _builder_version=\u00bb4.27.4&#8243; _module_preset=\u00bbdefault\u00bb global_colors_info=\u00bb{}\u00bb][et_pb_blog fullwidth=\u00bboff\u00bb include_categories=\u00bb157&#8243; show_author=\u00bboff\u00bb _builder_version=\u00bb4.27.4&#8243; _module_preset=\u00bbdefault\u00bb header_font=\u00bb&#8211;et_global_body_font|800|||||||\u00bb header_text_color=\u00bb#776F64&#8243; header_font_size=\u00bb22px\u00bb body_font_size=\u00bb15px\u00bb meta_font_size=\u00bb13px\u00bb global_colors_info=\u00bb{}\u00bb][\/et_pb_blog][\/et_pb_column][\/et_pb_row][\/et_pb_section]<\/p>\n","protected":false},"excerpt":{"rendered":"","protected":false},"author":13,"featured_media":0,"parent":0,"menu_order":0,"comment_status":"closed","ping_status":"closed","template":"","meta":{"_et_pb_use_builder":"on","_et_pb_old_content":"","_et_gb_content_width":"","_sitemap_exclude":false,"_sitemap_priority":"","_sitemap_frequency":"","_mbp_gutenberg_autopost":false,"_joinchat":[],"footnotes":""},"class_list":["post-6678","page","type-page","status-publish","hentry"],"yoast_head":"<!-- This site is optimized with the Yoast SEO Premium plugin v21.8 (Yoast SEO v27.3) - https:\/\/yoast.com\/product\/yoast-seo-premium-wordpress\/ -->\n<title>Podcat de Est\u00e9tica en Tenerife - Instituto de Cirug\u00eda Avanzada<\/title>\n<meta name=\"description\" content=\"Cl\u00ednica ICA dio un paso m\u00e1s en su compromiso con la divulgaci\u00f3n de la medicina est\u00e9tica estrenando su nuevo espacio radiof\u00f3nico \u201cM\u00e1s que Est\u00e9tica\u201d en Gente Radio.\" \/>\n<meta name=\"robots\" content=\"index, follow, max-snippet:-1, max-image-preview:large, max-video-preview:-1\" \/>\n<link rel=\"canonical\" href=\"https:\/\/www.clinicaica.com\/en\/podcast-de-estetica-en-tenerife\/\" \/>\n<meta property=\"og:locale\" content=\"en_GB\" \/>\n<meta property=\"og:type\" content=\"article\" \/>\n<meta property=\"og:title\" content=\"Podcat de Est\u00e9tica en Tenerife - Instituto de Cirug\u00eda Avanzada\" \/>\n<meta property=\"og:description\" content=\"Cl\u00ednica ICA dio un paso m\u00e1s en su compromiso con la divulgaci\u00f3n de la medicina est\u00e9tica estrenando su nuevo espacio radiof\u00f3nico \u201cM\u00e1s que Est\u00e9tica\u201d en Gente Radio.\" \/>\n<meta property=\"og:url\" content=\"https:\/\/www.clinicaica.com\/en\/podcast-de-estetica-en-tenerife\/\" \/>\n<meta property=\"og:site_name\" content=\"Instituto de Cirug\u00eda Avanzada\" \/>\n<meta property=\"article:publisher\" content=\"https:\/\/www.facebook.com\/icaestetica\/\" \/>\n<meta property=\"article:modified_time\" content=\"2026-03-24T20:04:43+00:00\" \/>\n<meta property=\"og:image\" content=\"https:\/\/www.clinicaica.com\/wp-content\/uploads\/2021\/01\/instituto-cirugia-avanzada-ica.png\" \/>\n\t<meta property=\"og:image:width\" content=\"216\" \/>\n\t<meta property=\"og:image:height\" content=\"90\" \/>\n\t<meta property=\"og:image:type\" content=\"image\/png\" \/>\n<meta name=\"twitter:card\" content=\"summary_large_image\" \/>\n<script type=\"application\/ld+json\" class=\"yoast-schema-graph\">{\"@context\":\"https:\\\/\\\/schema.org\",\"@graph\":[{\"@type\":\"WebPage\",\"@id\":\"https:\\\/\\\/www.clinicaica.com\\\/podcast-de-estetica-en-tenerife\\\/\",\"url\":\"https:\\\/\\\/www.clinicaica.com\\\/podcast-de-estetica-en-tenerife\\\/\",\"name\":\"Podcat de Est\u00e9tica en Tenerife - Instituto de Cirug\u00eda Avanzada\",\"isPartOf\":{\"@id\":\"https:\\\/\\\/www.clinicaica.com\\\/#website\"},\"datePublished\":\"2025-11-18T22:04:31+00:00\",\"dateModified\":\"2026-03-24T20:04:43+00:00\",\"description\":\"Cl\u00ednica ICA dio un paso m\u00e1s en su compromiso con la divulgaci\u00f3n de la medicina est\u00e9tica estrenando su nuevo espacio radiof\u00f3nico \u201cM\u00e1s que Est\u00e9tica\u201d en Gente Radio.\",\"breadcrumb\":{\"@id\":\"https:\\\/\\\/www.clinicaica.com\\\/podcast-de-estetica-en-tenerife\\\/#breadcrumb\"},\"inLanguage\":\"en-GB\",\"potentialAction\":[{\"@type\":\"ReadAction\",\"target\":[\"https:\\\/\\\/www.clinicaica.com\\\/podcast-de-estetica-en-tenerife\\\/\"]}]},{\"@type\":\"BreadcrumbList\",\"@id\":\"https:\\\/\\\/www.clinicaica.com\\\/podcast-de-estetica-en-tenerife\\\/#breadcrumb\",\"itemListElement\":[{\"@type\":\"ListItem\",\"position\":1,\"name\":\"Portada\",\"item\":\"https:\\\/\\\/www.clinicaica.com\\\/\"},{\"@type\":\"ListItem\",\"position\":2,\"name\":\"Podcat de Est\u00e9tica en Tenerife\"}]},{\"@type\":\"WebSite\",\"@id\":\"https:\\\/\\\/www.clinicaica.com\\\/#website\",\"url\":\"https:\\\/\\\/www.clinicaica.com\\\/\",\"name\":\"Instituto de Cirug\u00eda Avanzada\",\"description\":\"Medicina Est\u00e9tica en Tenerife y La Palma\",\"publisher\":{\"@id\":\"https:\\\/\\\/www.clinicaica.com\\\/#organization\"},\"alternateName\":\"ICA\",\"potentialAction\":[{\"@type\":\"SearchAction\",\"target\":{\"@type\":\"EntryPoint\",\"urlTemplate\":\"https:\\\/\\\/www.clinicaica.com\\\/?s={search_term_string}\"},\"query-input\":{\"@type\":\"PropertyValueSpecification\",\"valueRequired\":true,\"valueName\":\"search_term_string\"}}],\"inLanguage\":\"en-GB\"},{\"@type\":\"Organization\",\"@id\":\"https:\\\/\\\/www.clinicaica.com\\\/#organization\",\"name\":\"Cl\u00ednicas Est\u00e9ticas en Canarias\",\"alternateName\":\"Cl\u00ednica ICA\",\"url\":\"https:\\\/\\\/www.clinicaica.com\\\/\",\"logo\":{\"@type\":\"ImageObject\",\"inLanguage\":\"en-GB\",\"@id\":\"https:\\\/\\\/www.clinicaica.com\\\/#\\\/schema\\\/logo\\\/image\\\/\",\"url\":\"https:\\\/\\\/www.clinicaica.com\\\/wp-content\\\/uploads\\\/2021\\\/01\\\/instituto-cirugia-avanzada-ica.png\",\"contentUrl\":\"https:\\\/\\\/www.clinicaica.com\\\/wp-content\\\/uploads\\\/2021\\\/01\\\/instituto-cirugia-avanzada-ica.png\",\"width\":216,\"height\":90,\"caption\":\"Cl\u00ednicas Est\u00e9ticas en Canarias\"},\"image\":{\"@id\":\"https:\\\/\\\/www.clinicaica.com\\\/#\\\/schema\\\/logo\\\/image\\\/\"},\"sameAs\":[\"https:\\\/\\\/www.facebook.com\\\/icaestetica\\\/\",\"https:\\\/\\\/www.instagram.com\\\/clinicaica_\\\/\"]}]}<\/script>\n<!-- \/ Yoast SEO Premium plugin. -->","yoast_head_json":{"title":"Podcat de Est\u00e9tica en Tenerife - Instituto de Cirug\u00eda Avanzada","description":"Cl\u00ednica ICA dio un paso m\u00e1s en su compromiso con la divulgaci\u00f3n de la medicina est\u00e9tica estrenando su nuevo espacio radiof\u00f3nico \u201cM\u00e1s que Est\u00e9tica\u201d en Gente Radio.","robots":{"index":"index","follow":"follow","max-snippet":"max-snippet:-1","max-image-preview":"max-image-preview:large","max-video-preview":"max-video-preview:-1"},"canonical":"https:\/\/www.clinicaica.com\/en\/podcast-de-estetica-en-tenerife\/","og_locale":"en_GB","og_type":"article","og_title":"Podcat de Est\u00e9tica en Tenerife - Instituto de Cirug\u00eda Avanzada","og_description":"Cl\u00ednica ICA dio un paso m\u00e1s en su compromiso con la divulgaci\u00f3n de la medicina est\u00e9tica estrenando su nuevo espacio radiof\u00f3nico \u201cM\u00e1s que Est\u00e9tica\u201d en Gente Radio.","og_url":"https:\/\/www.clinicaica.com\/en\/podcast-de-estetica-en-tenerife\/","og_site_name":"Instituto de Cirug\u00eda Avanzada","article_publisher":"https:\/\/www.facebook.com\/icaestetica\/","article_modified_time":"2026-03-24T20:04:43+00:00","og_image":[{"width":216,"height":90,"url":"https:\/\/www.clinicaica.com\/wp-content\/uploads\/2021\/01\/instituto-cirugia-avanzada-ica.png","type":"image\/png"}],"twitter_card":"summary_large_image","schema":{"@context":"https:\/\/schema.org","@graph":[{"@type":"WebPage","@id":"https:\/\/www.clinicaica.com\/podcast-de-estetica-en-tenerife\/","url":"https:\/\/www.clinicaica.com\/podcast-de-estetica-en-tenerife\/","name":"Podcat de Est\u00e9tica en Tenerife - Instituto de Cirug\u00eda Avanzada","isPartOf":{"@id":"https:\/\/www.clinicaica.com\/#website"},"datePublished":"2025-11-18T22:04:31+00:00","dateModified":"2026-03-24T20:04:43+00:00","description":"Cl\u00ednica ICA dio un paso m\u00e1s en su compromiso con la divulgaci\u00f3n de la medicina est\u00e9tica estrenando su nuevo espacio radiof\u00f3nico \u201cM\u00e1s que Est\u00e9tica\u201d en Gente Radio.","breadcrumb":{"@id":"https:\/\/www.clinicaica.com\/podcast-de-estetica-en-tenerife\/#breadcrumb"},"inLanguage":"en-GB","potentialAction":[{"@type":"ReadAction","target":["https:\/\/www.clinicaica.com\/podcast-de-estetica-en-tenerife\/"]}]},{"@type":"BreadcrumbList","@id":"https:\/\/www.clinicaica.com\/podcast-de-estetica-en-tenerife\/#breadcrumb","itemListElement":[{"@type":"ListItem","position":1,"name":"Portada","item":"https:\/\/www.clinicaica.com\/"},{"@type":"ListItem","position":2,"name":"Podcat de Est\u00e9tica en Tenerife"}]},{"@type":"WebSite","@id":"https:\/\/www.clinicaica.com\/#website","url":"https:\/\/www.clinicaica.com\/","name":"Institute of Advanced Surgery","description":"Medicina Est\u00e9tica en Tenerife y La Palma","publisher":{"@id":"https:\/\/www.clinicaica.com\/#organization"},"alternateName":"ICA","potentialAction":[{"@type":"SearchAction","target":{"@type":"EntryPoint","urlTemplate":"https:\/\/www.clinicaica.com\/?s={search_term_string}"},"query-input":{"@type":"PropertyValueSpecification","valueRequired":true,"valueName":"search_term_string"}}],"inLanguage":"en-GB"},{"@type":"Organization","@id":"https:\/\/www.clinicaica.com\/#organization","name":"Aesthetic Clinics in the Canary Islands","alternateName":"Cl\u00ednica ICA","url":"https:\/\/www.clinicaica.com\/","logo":{"@type":"ImageObject","inLanguage":"en-GB","@id":"https:\/\/www.clinicaica.com\/#\/schema\/logo\/image\/","url":"https:\/\/www.clinicaica.com\/wp-content\/uploads\/2021\/01\/instituto-cirugia-avanzada-ica.png","contentUrl":"https:\/\/www.clinicaica.com\/wp-content\/uploads\/2021\/01\/instituto-cirugia-avanzada-ica.png","width":216,"height":90,"caption":"Cl\u00ednicas Est\u00e9ticas en Canarias"},"image":{"@id":"https:\/\/www.clinicaica.com\/#\/schema\/logo\/image\/"},"sameAs":["https:\/\/www.facebook.com\/icaestetica\/","https:\/\/www.instagram.com\/clinicaica_\/"]}]}},"_links":{"self":[{"href":"https:\/\/www.clinicaica.com\/en\/wp-json\/wp\/v2\/pages\/6678","targetHints":{"allow":["GET"]}}],"collection":[{"href":"https:\/\/www.clinicaica.com\/en\/wp-json\/wp\/v2\/pages"}],"about":[{"href":"https:\/\/www.clinicaica.com\/en\/wp-json\/wp\/v2\/types\/page"}],"author":[{"embeddable":true,"href":"https:\/\/www.clinicaica.com\/en\/wp-json\/wp\/v2\/users\/13"}],"replies":[{"embeddable":true,"href":"https:\/\/www.clinicaica.com\/en\/wp-json\/wp\/v2\/comments?post=6678"}],"version-history":[{"count":0,"href":"https:\/\/www.clinicaica.com\/en\/wp-json\/wp\/v2\/pages\/6678\/revisions"}],"wp:attachment":[{"href":"https:\/\/www.clinicaica.com\/en\/wp-json\/wp\/v2\/media?parent=6678"}],"curies":[{"name":"wp","href":"https:\/\/api.w.org\/{rel}","templated":true}]}}