{"id":7060,"date":"2026-02-10T12:26:43","date_gmt":"2026-02-10T11:26:43","guid":{"rendered":"https:\/\/www.clinicaica.com\/?page_id=7060"},"modified":"2026-02-10T12:30:11","modified_gmt":"2026-02-10T11:30:11","slug":"politica-de-calidad","status":"publish","type":"page","link":"https:\/\/www.clinicaica.com\/en\/politica-de-calidad\/","title":{"rendered":"Pol\u00edtica de calidad"},"content":{"rendered":"<p>[et_pb_section fb_built=\u00bb1&#8243; prev_background_color=\u00bb#FFFFFF\u00bb admin_label=\u00bbPage Title Section\u00bb _builder_version=\u00bb4.16&#8243; use_background_color_gradient=\u00bbon\u00bb background_color_gradient_direction=\u00bb120deg\u00bb background_color_gradient_stops=\u00bb#efefef 0%|rgba(0,0,0,0) 100%\u00bb background_color_gradient_overlays_image=\u00bbon\u00bb background_color_gradient_start=\u00bb#efefef\u00bb background_color_gradient_end=\u00bbrgba(0,0,0,0)\u00bb background_image=\u00bbhttps:\/\/www.clinicaica.com\/wp-content\/uploads\/2021\/01\/backblog.jpg\u00bb custom_margin=\u00bb135px||||false|false\u00bb custom_margin_tablet=\u00bb110px||||false|false\u00bb custom_margin_phone=\u00bb\u00bb custom_margin_last_edited=\u00bbon|phone\u00bb custom_padding=\u00bb12%||10%||false|false\u00bb top_divider_style=\u00bbslant2&#8243; top_divider_height=\u00bb35px\u00bb top_divider_flip=\u00bbvertical\u00bb bottom_divider_height=\u00bb35px\u00bb bottom_divider_flip=\u00bbvertical\u00bb da_disable_devices=\u00bboff|off|off\u00bb global_colors_info=\u00bb{}\u00bb da_is_popup=\u00bboff\u00bb da_exit_intent=\u00bboff\u00bb da_has_close=\u00bbon\u00bb da_alt_close=\u00bboff\u00bb da_dark_close=\u00bboff\u00bb da_not_modal=\u00bbon\u00bb da_is_singular=\u00bboff\u00bb da_with_loader=\u00bboff\u00bb da_has_shadow=\u00bbon\u00bb][et_pb_row admin_label=\u00bbPage Title Area\u00bb _builder_version=\u00bb4.16&#8243; background_size=\u00bbinitial\u00bb background_position=\u00bbtop_left\u00bb background_repeat=\u00bbrepeat\u00bb global_colors_info=\u00bb{}\u00bb][et_pb_column type=\u00bb4_4&#8243; _builder_version=\u00bb4.16&#8243; custom_padding=\u00bb|||\u00bb global_colors_info=\u00bb{}\u00bb custom_padding__hover=\u00bb|||\u00bb][et_pb_text admin_label=\u00bbTitle\u00bb _builder_version=\u00bb4.27.5&#8243; text_font=\u00bb||||||||\u00bb header_font=\u00bbCrimson Text|600|||||||\u00bb header_text_color=\u00bb#505050&#8243; header_font_size=\u00bb45px\u00bb header_line_height=\u00bb0.8em\u00bb header_2_font=\u00bb||||||||\u00bb background_layout=\u00bbdark\u00bb custom_margin=\u00bb||0px||false|false\u00bb custom_padding=\u00bb||0px||false|false\u00bb animation_style=\u00bbfade\u00bb hover_enabled=\u00bb0&#8243; header_font_size_tablet=\u00bb35px\u00bb header_font_size_phone=\u00bb30px\u00bb header_font_size_last_edited=\u00bbon|phone\u00bb global_colors_info=\u00bb{}\u00bb sticky_enabled=\u00bb0&#8243;]<\/p>\n<h1>Pol\u00edtica de calidad<\/h1>\n<p>[\/et_pb_text][\/et_pb_column][\/et_pb_row][\/et_pb_section][et_pb_section fb_built=\u00bb1&#8243; admin_label=\u00bbAbout Us Section\u00bb _builder_version=\u00bb4.16&#8243; background_color=\u00bb#FFFFFF\u00bb custom_padding=\u00bb64px||100px|||\u00bb da_disable_devices=\u00bboff|off|off\u00bb global_colors_info=\u00bb{}\u00bb da_is_popup=\u00bboff\u00bb da_exit_intent=\u00bboff\u00bb da_has_close=\u00bbon\u00bb da_alt_close=\u00bboff\u00bb da_dark_close=\u00bboff\u00bb da_not_modal=\u00bbon\u00bb da_is_singular=\u00bboff\u00bb da_with_loader=\u00bboff\u00bb da_has_shadow=\u00bbon\u00bb][et_pb_row admin_label=\u00bbAbout Us Area\u00bb _builder_version=\u00bb4.16&#8243; global_colors_info=\u00bb{}\u00bb][et_pb_column type=\u00bb4_4&#8243; _builder_version=\u00bb4.16&#8243; custom_padding=\u00bb|||\u00bb global_colors_info=\u00bb{}\u00bb custom_padding__hover=\u00bb|||\u00bb][et_pb_text _builder_version=\u00bb4.27.5&#8243; _module_preset=\u00bbdefault\u00bb hover_enabled=\u00bb0&#8243; global_colors_info=\u00bb{}\u00bb sticky_enabled=\u00bb0&#8243;]<\/p>\n<h1><b>POL\u00cdTICA DE CALIDAD<\/b><\/h1>\n<p class=\"p1\">Edici\u00f3n: 03<br \/>Fecha revisi\u00f3n: 01\/01\/2026<\/p>\n<p class=\"p1\">La Direcci\u00f3n de <b>ICA SERVISALUD S.L<\/b>, consciente de la importancia de la calidad a la hora de satisfacer las necesidades de sus clientes y otras partes interesadas, ha decidido implantar un Sistema<span class=\"s1\"> <\/span>de Calidad que sea efectivo y eficiente, logrando as\u00ed los beneficios de todas las partes interesadas, asumiendo<span class=\"s2\"> <\/span>el<span class=\"s2\"> <\/span>compromiso<span class=\"s2\"> <\/span>de<span class=\"s2\"> <\/span>mejora<span class=\"s2\"> <\/span>continua<span class=\"s2\"> <\/span>y<span class=\"s2\"> <\/span>la<span class=\"s2\"> <\/span>adaptaci\u00f3n<span class=\"s2\"> <\/span>a<span class=\"s2\"> <\/span>nuevos<span class=\"s2\"> <\/span>cambios.<\/p>\n<p class=\"p2\">Se promover\u00e1 el concepto de mejora continua de la eficacia de nuestro sistema, como objetivo permanente de <b>ICA SERVISALUD S.L<\/b>, as\u00ed como sostener e incrementar la calidad y la satisfacci\u00f3n del <span class=\"s3\">cliente.<\/span><\/p>\n<p class=\"p3\">Alcance<span class=\"s3\"> <\/span>de<span class=\"s3\"> <\/span>esta<span class=\"s3\"> <\/span>pol\u00edtica<span class=\"s3\"> <\/span>seg\u00fan<span class=\"s3\"> <\/span>la<span class=\"s3\"> <\/span>norma<span class=\"s3\"> <\/span>ISO<span class=\"s3\"> 9001:2015:<\/span><\/p>\n<p class=\"p4\"><b>\u201cSERVICIOS<\/b><span class=\"s4\"><b> <\/b><\/span><b>EST\u00c9TICOS,<\/b><span class=\"s4\"><b> <\/b><\/span><b>MEDICINA,<\/b><span class=\"s4\"><b> <\/b><\/span><b>CIRUG\u00cdA<\/b><span class=\"s2\"><b> <\/b><\/span><b>EST\u00c9TICA<\/b><span class=\"s5\"><b> <\/b><\/span><b>E<\/b><span class=\"s4\"><b> <\/b><\/span><b>INJERTO<\/b><span class=\"s4\"><b> <\/b><\/span><span class=\"s3\"><b>CAPILAR.\u201d<\/b><b><\/b><\/span><b><\/b><\/p>\n<p class=\"p6\">Las<span class=\"s3\"> <\/span>directrices generales<span class=\"s3\"> <\/span>que se establecen<span class=\"s3\"> <\/span>para la consecuci\u00f3n<span class=\"s3\"> <\/span>de estos<span class=\"s3\"> <\/span>objetivos son las<span class=\"s3\"> siguientes:<\/span><\/p>\n<ul class=\"ul1\">\n<li class=\"li8\"><span class=\"s6\">B\u00fasqueda de la satisfacci\u00f3n de los clientes, como forma de asegurar la continuidad y el <\/span>crecimiento de la empresa, a trav\u00e9s del conocimiento de las necesidades y expectativas del <span class=\"s3\">cliente.<\/span><\/li>\n<li class=\"li9\"><span class=\"s6\">Mejorar<\/span><span class=\"s7\"> <\/span><span class=\"s6\">continuamente<\/span><span class=\"s7\"> <\/span><span class=\"s6\">la<\/span><span class=\"s7\"> <\/span><span class=\"s6\">rapidez<\/span><span class=\"s7\"> <\/span><span class=\"s6\">y<\/span><span class=\"s7\"> <\/span><span class=\"s6\">puntualidad<\/span><span class=\"s7\"> <\/span><span class=\"s6\">de<\/span><span class=\"s7\"> <\/span><span class=\"s6\">nuestro<\/span><span class=\"s7\"> <\/span><span class=\"s6\">servicio,<\/span><span class=\"s7\"> <\/span><span class=\"s6\">obteniendo<\/span><span class=\"s7\"> <\/span><span class=\"s6\">el<\/span><span class=\"s7\"> <\/span><span class=\"s6\">mayor <\/span>rendimiento de la capacidad, experiencia y formaci\u00f3n que ostentan nuestros trabajadores.<\/li>\n<li class=\"li8\"><span class=\"s6\">Conseguir la m\u00e1xima Calidad en la prestaci\u00f3n de nuestros servicios, cumpliendo siempre con <\/span>todos los requisitos legales y reglamentarios que le sean de aplicaci\u00f3n, as\u00ed como aquellos otros compromisos<span class=\"s2\"> <\/span>que<span class=\"s2\"> <\/span>la<span class=\"s2\"> <\/span>organizaci\u00f3n<span class=\"s2\"> <\/span>haya<span class=\"s2\"> <\/span>suscrito,<span class=\"s2\"> <\/span>buscando<span class=\"s2\"> <\/span>siempre<span class=\"s2\"> <\/span>la<span class=\"s2\"> <\/span>mejora<span class=\"s2\"> <\/span>continua<span class=\"s2\"> <\/span>de nuestros procesos.<\/li>\n<li class=\"li8\"><span class=\"s6\">Con la activa participaci\u00f3n de todos los empleados, que son individual y colectivamente <\/span>responsables de nuestro comportamiento, y a trav\u00e9s del compromiso de la mejora continua podremos lograrlo.<\/li>\n<li class=\"li8\"><span class=\"s6\">Selecci\u00f3n y homologaci\u00f3n de los mejores proveedores como miembros propios de la <\/span><span class=\"s3\">organizaci\u00f3n.<\/span><\/li>\n<li class=\"li10\"><span class=\"s6\">La Direcci\u00f3n General asume como una obligaci\u00f3n propia de sus responsabilidades, el <\/span>compromiso de ejercer el liderazgo en la implantaci\u00f3n y aplicaci\u00f3n de conductas acordes con el Sistema de Calidad de <b>ICA<\/b><span class=\"s3\"><b> <\/b><\/span><b>SERVISALUD S.L <\/b>actuando como impulsor, gu\u00eda y ejemplo en el cumplimiento<span class=\"s2\"> <\/span>de<span class=\"s2\"> <\/span>una<span class=\"s2\"> <\/span>obligaci\u00f3n<span class=\"s2\"> <\/span>que<span class=\"s2\"> <\/span>nos<span class=\"s2\"> <\/span>ata\u00f1e<span class=\"s2\"> <\/span>a<span class=\"s2\"> <\/span>los<span class=\"s2\"> <\/span>que<span class=\"s2\"> <\/span>formamos<span class=\"s2\"> <\/span>nuestra<span class=\"s2\"> <\/span>empresa.<\/li>\n<\/ul>\n<p class=\"p11\">La direcci\u00f3n de <b>ICA SERVISALUD S.L <\/b>divulgar\u00e1 esta pol\u00edtica a todos los niveles, la revisar\u00e1 y mantendr\u00e1<span class=\"s8\"> <\/span><span class=\"s3\">vigente.<\/span><\/p>\n<p class=\"p12\" style=\"text-align: right;\">Director<span class=\"s3\"> Gerente<\/span><\/p>\n<p>[\/et_pb_text][et_pb_code _builder_version=\u00bb4.16&#8243; _module_preset=\u00bbdefault\u00bb custom_margin=\u00bb42px|||||\u00bb global_colors_info=\u00bb{}\u00bb]<script id=\"CookieDeclaration\" src=\"https:\/\/consent.cookiebot.com\/12adc7d9-296a-4a43-b89a-a18ff9023f45\/cd.js\" type=\"text\/javascript\" async><\/script>[\/et_pb_code][\/et_pb_column][\/et_pb_row][\/et_pb_section]<\/p>\n","protected":false},"excerpt":{"rendered":"<p>Pol\u00edtica de calidadPOL\u00cdTICA DE CALIDAD Edici\u00f3n: 03Fecha revisi\u00f3n: 01\/01\/2026 La Direcci\u00f3n de ICA SERVISALUD S.L, consciente de la importancia de la calidad a la hora de satisfacer las necesidades de sus clientes y otras partes interesadas, ha decidido implantar un Sistema de Calidad que sea efectivo y eficiente, logrando as\u00ed los beneficios de todas las [&hellip;]<\/p>\n","protected":false},"author":13,"featured_media":0,"parent":0,"menu_order":100,"comment_status":"closed","ping_status":"closed","template":"","meta":{"_et_pb_use_builder":"on","_et_pb_old_content":"","_et_gb_content_width":"","_sitemap_exclude":false,"_sitemap_priority":"","_sitemap_frequency":"","_mbp_gutenberg_autopost":false,"_joinchat":[],"footnotes":""},"class_list":["post-7060","page","type-page","status-publish","hentry"],"yoast_head":"<!-- This site is optimized with the Yoast SEO Premium plugin v21.8 (Yoast SEO v27.3) - https:\/\/yoast.com\/product\/yoast-seo-premium-wordpress\/ -->\n<title>Pol\u00edtica de calidad - Instituto de Cirug\u00eda Avanzada<\/title>\n<meta name=\"robots\" content=\"noindex, nofollow\" \/>\n<meta property=\"og:locale\" content=\"en_GB\" \/>\n<meta property=\"og:type\" content=\"article\" \/>\n<meta property=\"og:title\" content=\"Pol\u00edtica de calidad - Instituto de Cirug\u00eda Avanzada\" \/>\n<meta property=\"og:description\" content=\"Pol\u00edtica de calidadPOL\u00cdTICA DE CALIDAD Edici\u00f3n: 03Fecha revisi\u00f3n: 01\/01\/2026 La Direcci\u00f3n de ICA SERVISALUD S.L, consciente de la importancia de la calidad a la hora de satisfacer las necesidades de sus clientes y otras partes interesadas, ha decidido implantar un Sistema de Calidad que sea efectivo y eficiente, logrando as\u00ed los beneficios de todas las [&hellip;]\" \/>\n<meta property=\"og:url\" content=\"https:\/\/www.clinicaica.com\/en\/politica-de-calidad\/\" \/>\n<meta property=\"og:site_name\" content=\"Instituto de Cirug\u00eda Avanzada\" \/>\n<meta property=\"article:publisher\" content=\"https:\/\/www.facebook.com\/icaestetica\/\" \/>\n<meta property=\"article:modified_time\" content=\"2026-02-10T11:30:11+00:00\" \/>\n<meta property=\"og:image\" content=\"https:\/\/www.clinicaica.com\/wp-content\/uploads\/2021\/01\/instituto-cirugia-avanzada-ica.png\" \/>\n\t<meta property=\"og:image:width\" content=\"216\" \/>\n\t<meta property=\"og:image:height\" content=\"90\" \/>\n\t<meta property=\"og:image:type\" content=\"image\/png\" \/>\n<meta name=\"twitter:card\" content=\"summary_large_image\" \/>\n<meta name=\"twitter:label1\" content=\"Estimated reading time\" \/>\n\t<meta name=\"twitter:data1\" content=\"9 minutes\" \/>\n<script type=\"application\/ld+json\" class=\"yoast-schema-graph\">{\"@context\":\"https:\\\/\\\/schema.org\",\"@graph\":[{\"@type\":\"WebPage\",\"@id\":\"https:\\\/\\\/www.clinicaica.com\\\/politica-de-calidad\\\/\",\"url\":\"https:\\\/\\\/www.clinicaica.com\\\/politica-de-calidad\\\/\",\"name\":\"Pol\u00edtica de calidad - Instituto de Cirug\u00eda Avanzada\",\"isPartOf\":{\"@id\":\"https:\\\/\\\/www.clinicaica.com\\\/#website\"},\"datePublished\":\"2026-02-10T11:26:43+00:00\",\"dateModified\":\"2026-02-10T11:30:11+00:00\",\"breadcrumb\":{\"@id\":\"https:\\\/\\\/www.clinicaica.com\\\/politica-de-calidad\\\/#breadcrumb\"},\"inLanguage\":\"en-GB\",\"potentialAction\":[{\"@type\":\"ReadAction\",\"target\":[\"https:\\\/\\\/www.clinicaica.com\\\/politica-de-calidad\\\/\"]}]},{\"@type\":\"BreadcrumbList\",\"@id\":\"https:\\\/\\\/www.clinicaica.com\\\/politica-de-calidad\\\/#breadcrumb\",\"itemListElement\":[{\"@type\":\"ListItem\",\"position\":1,\"name\":\"Portada\",\"item\":\"https:\\\/\\\/www.clinicaica.com\\\/\"},{\"@type\":\"ListItem\",\"position\":2,\"name\":\"Pol\u00edtica de calidad\"}]},{\"@type\":\"WebSite\",\"@id\":\"https:\\\/\\\/www.clinicaica.com\\\/#website\",\"url\":\"https:\\\/\\\/www.clinicaica.com\\\/\",\"name\":\"Instituto de Cirug\u00eda Avanzada\",\"description\":\"Medicina Est\u00e9tica en Tenerife y La Palma\",\"publisher\":{\"@id\":\"https:\\\/\\\/www.clinicaica.com\\\/#organization\"},\"alternateName\":\"ICA\",\"potentialAction\":[{\"@type\":\"SearchAction\",\"target\":{\"@type\":\"EntryPoint\",\"urlTemplate\":\"https:\\\/\\\/www.clinicaica.com\\\/?s={search_term_string}\"},\"query-input\":{\"@type\":\"PropertyValueSpecification\",\"valueRequired\":true,\"valueName\":\"search_term_string\"}}],\"inLanguage\":\"en-GB\"},{\"@type\":\"Organization\",\"@id\":\"https:\\\/\\\/www.clinicaica.com\\\/#organization\",\"name\":\"Cl\u00ednicas Est\u00e9ticas en Canarias\",\"alternateName\":\"Cl\u00ednica ICA\",\"url\":\"https:\\\/\\\/www.clinicaica.com\\\/\",\"logo\":{\"@type\":\"ImageObject\",\"inLanguage\":\"en-GB\",\"@id\":\"https:\\\/\\\/www.clinicaica.com\\\/#\\\/schema\\\/logo\\\/image\\\/\",\"url\":\"https:\\\/\\\/www.clinicaica.com\\\/wp-content\\\/uploads\\\/2021\\\/01\\\/instituto-cirugia-avanzada-ica.png\",\"contentUrl\":\"https:\\\/\\\/www.clinicaica.com\\\/wp-content\\\/uploads\\\/2021\\\/01\\\/instituto-cirugia-avanzada-ica.png\",\"width\":216,\"height\":90,\"caption\":\"Cl\u00ednicas Est\u00e9ticas en Canarias\"},\"image\":{\"@id\":\"https:\\\/\\\/www.clinicaica.com\\\/#\\\/schema\\\/logo\\\/image\\\/\"},\"sameAs\":[\"https:\\\/\\\/www.facebook.com\\\/icaestetica\\\/\",\"https:\\\/\\\/www.instagram.com\\\/clinicaica_\\\/\"]}]}<\/script>\n<!-- \/ Yoast SEO Premium plugin. -->","yoast_head_json":{"title":"Pol\u00edtica de calidad - Instituto de Cirug\u00eda Avanzada","robots":{"index":"noindex","follow":"nofollow"},"og_locale":"en_GB","og_type":"article","og_title":"Pol\u00edtica de calidad - Instituto de Cirug\u00eda Avanzada","og_description":"Pol\u00edtica de calidadPOL\u00cdTICA DE CALIDAD Edici\u00f3n: 03Fecha revisi\u00f3n: 01\/01\/2026 La Direcci\u00f3n de ICA SERVISALUD S.L, consciente de la importancia de la calidad a la hora de satisfacer las necesidades de sus clientes y otras partes interesadas, ha decidido implantar un Sistema de Calidad que sea efectivo y eficiente, logrando as\u00ed los beneficios de todas las [&hellip;]","og_url":"https:\/\/www.clinicaica.com\/en\/politica-de-calidad\/","og_site_name":"Instituto de Cirug\u00eda Avanzada","article_publisher":"https:\/\/www.facebook.com\/icaestetica\/","article_modified_time":"2026-02-10T11:30:11+00:00","og_image":[{"width":216,"height":90,"url":"https:\/\/www.clinicaica.com\/wp-content\/uploads\/2021\/01\/instituto-cirugia-avanzada-ica.png","type":"image\/png"}],"twitter_card":"summary_large_image","twitter_misc":{"Estimated reading time":"9 minutes"},"schema":{"@context":"https:\/\/schema.org","@graph":[{"@type":"WebPage","@id":"https:\/\/www.clinicaica.com\/politica-de-calidad\/","url":"https:\/\/www.clinicaica.com\/politica-de-calidad\/","name":"Pol\u00edtica de calidad - Instituto de Cirug\u00eda Avanzada","isPartOf":{"@id":"https:\/\/www.clinicaica.com\/#website"},"datePublished":"2026-02-10T11:26:43+00:00","dateModified":"2026-02-10T11:30:11+00:00","breadcrumb":{"@id":"https:\/\/www.clinicaica.com\/politica-de-calidad\/#breadcrumb"},"inLanguage":"en-GB","potentialAction":[{"@type":"ReadAction","target":["https:\/\/www.clinicaica.com\/politica-de-calidad\/"]}]},{"@type":"BreadcrumbList","@id":"https:\/\/www.clinicaica.com\/politica-de-calidad\/#breadcrumb","itemListElement":[{"@type":"ListItem","position":1,"name":"Portada","item":"https:\/\/www.clinicaica.com\/"},{"@type":"ListItem","position":2,"name":"Pol\u00edtica de calidad"}]},{"@type":"WebSite","@id":"https:\/\/www.clinicaica.com\/#website","url":"https:\/\/www.clinicaica.com\/","name":"Institute of Advanced Surgery","description":"Medicina Est\u00e9tica en Tenerife y La Palma","publisher":{"@id":"https:\/\/www.clinicaica.com\/#organization"},"alternateName":"ICA","potentialAction":[{"@type":"SearchAction","target":{"@type":"EntryPoint","urlTemplate":"https:\/\/www.clinicaica.com\/?s={search_term_string}"},"query-input":{"@type":"PropertyValueSpecification","valueRequired":true,"valueName":"search_term_string"}}],"inLanguage":"en-GB"},{"@type":"Organization","@id":"https:\/\/www.clinicaica.com\/#organization","name":"Aesthetic Clinics in the Canary Islands","alternateName":"Cl\u00ednica ICA","url":"https:\/\/www.clinicaica.com\/","logo":{"@type":"ImageObject","inLanguage":"en-GB","@id":"https:\/\/www.clinicaica.com\/#\/schema\/logo\/image\/","url":"https:\/\/www.clinicaica.com\/wp-content\/uploads\/2021\/01\/instituto-cirugia-avanzada-ica.png","contentUrl":"https:\/\/www.clinicaica.com\/wp-content\/uploads\/2021\/01\/instituto-cirugia-avanzada-ica.png","width":216,"height":90,"caption":"Cl\u00ednicas Est\u00e9ticas en Canarias"},"image":{"@id":"https:\/\/www.clinicaica.com\/#\/schema\/logo\/image\/"},"sameAs":["https:\/\/www.facebook.com\/icaestetica\/","https:\/\/www.instagram.com\/clinicaica_\/"]}]}},"_links":{"self":[{"href":"https:\/\/www.clinicaica.com\/en\/wp-json\/wp\/v2\/pages\/7060","targetHints":{"allow":["GET"]}}],"collection":[{"href":"https:\/\/www.clinicaica.com\/en\/wp-json\/wp\/v2\/pages"}],"about":[{"href":"https:\/\/www.clinicaica.com\/en\/wp-json\/wp\/v2\/types\/page"}],"author":[{"embeddable":true,"href":"https:\/\/www.clinicaica.com\/en\/wp-json\/wp\/v2\/users\/13"}],"replies":[{"embeddable":true,"href":"https:\/\/www.clinicaica.com\/en\/wp-json\/wp\/v2\/comments?post=7060"}],"version-history":[{"count":0,"href":"https:\/\/www.clinicaica.com\/en\/wp-json\/wp\/v2\/pages\/7060\/revisions"}],"wp:attachment":[{"href":"https:\/\/www.clinicaica.com\/en\/wp-json\/wp\/v2\/media?parent=7060"}],"curies":[{"name":"wp","href":"https:\/\/api.w.org\/{rel}","templated":true}]}}